{"id":604,"date":"2017-01-13T16:34:33","date_gmt":"2017-01-13T16:34:33","guid":{"rendered":"http:\/\/www.cidadescriativas.org.br\/site\/?page_id=604"},"modified":"2017-01-13T16:34:59","modified_gmt":"2017-01-13T16:34:59","slug":"fad-festival-de-arte-digital","status":"publish","type":"page","link":"http:\/\/cidadescriativas.org.br\/site\/livros\/fad-festival-de-arte-digital","title":{"rendered":"FAD &#8211; Festival de Arte Digital"},"content":{"rendered":"<p><img loading=\"lazy\" decoding=\"async\" class=\"size-medium wp-image-605 alignleft\" src=\"http:\/\/www.cidadescriativas.org.br\/site\/wp-content\/uploads\/2017\/01\/capa-fad-230x300.png\" alt=\"\" width=\"230\" height=\"300\" srcset=\"http:\/\/cidadescriativas.org.br\/site\/wp-content\/uploads\/2017\/01\/capa-fad-230x300.png 230w, http:\/\/cidadescriativas.org.br\/site\/wp-content\/uploads\/2017\/01\/capa-fad-785x1024.png 785w\" sizes=\"(max-width: 230px) 100vw, 230px\" \/>O resultado da interse\u00e7\u00e3o entre arte, m\u00eddia e tecnologia interativa comp\u00f5e a proposta do Festival de Arte Digital, o FAD. Criado em 2007, o projeto realiza atividades como apresenta\u00e7\u00f5es, semin\u00e1rios e afins. Nesta obra, uma retrospectiva das tr\u00eas primeiras edi\u00e7\u00f5es do FAD al\u00e9m de ensaios que permeiam o objeto principal do evento: arte eletr\u00f4nica.<\/p>\n<p>&nbsp;<\/p>\n<p>Ficha t\u00e9cnica:<\/p>\n<p>Autores: Henrique Roscoe, Patr\u00edcia Moran e Tadeus Mucelli.<br \/>\nEditora: Instituto Cidades Criativas<br \/>\nISBN 978-85-61659-19-6<br \/>\nP\u00e1ginas: 144<\/p>\n ","protected":false},"excerpt":{"rendered":"<p>O resultado da interse\u00e7\u00e3o entre arte, m\u00eddia e tecnologia interativa comp\u00f5e a proposta do Festival de Arte Digital, o FAD. Criado em 2007, o projeto realiza atividades como apresenta\u00e7\u00f5es, semin\u00e1rios e afins. Nesta obra, uma retrospectiva das tr\u00eas primeiras edi\u00e7\u00f5es do FAD al\u00e9m de ensaios que permeiam o objeto principal do evento: arte eletr\u00f4nica. &nbsp;&#8230;<\/p>\n","protected":false},"author":1,"featured_media":0,"parent":257,"menu_order":0,"comment_status":"closed","ping_status":"closed","template":"","meta":{"footnotes":""},"_links":{"self":[{"href":"http:\/\/cidadescriativas.org.br\/site\/wp-json\/wp\/v2\/pages\/604"}],"collection":[{"href":"http:\/\/cidadescriativas.org.br\/site\/wp-json\/wp\/v2\/pages"}],"about":[{"href":"http:\/\/cidadescriativas.org.br\/site\/wp-json\/wp\/v2\/types\/page"}],"author":[{"embeddable":true,"href":"http:\/\/cidadescriativas.org.br\/site\/wp-json\/wp\/v2\/users\/1"}],"replies":[{"embeddable":true,"href":"http:\/\/cidadescriativas.org.br\/site\/wp-json\/wp\/v2\/comments?post=604"}],"version-history":[{"count":2,"href":"http:\/\/cidadescriativas.org.br\/site\/wp-json\/wp\/v2\/pages\/604\/revisions"}],"predecessor-version":[{"id":607,"href":"http:\/\/cidadescriativas.org.br\/site\/wp-json\/wp\/v2\/pages\/604\/revisions\/607"}],"up":[{"embeddable":true,"href":"http:\/\/cidadescriativas.org.br\/site\/wp-json\/wp\/v2\/pages\/257"}],"wp:attachment":[{"href":"http:\/\/cidadescriativas.org.br\/site\/wp-json\/wp\/v2\/media?parent=604"}],"curies":[{"name":"wp","href":"https:\/\/api.w.org\/{rel}","templated":true}]}}