{"id":600,"date":"2017-01-13T15:17:31","date_gmt":"2017-01-13T15:17:31","guid":{"rendered":"http:\/\/www.cidadescriativas.org.br\/site\/?page_id=600"},"modified":"2017-01-13T15:17:31","modified_gmt":"2017-01-13T15:17:31","slug":"mostra-de-design-design-cidades-e-interesse-publico","status":"publish","type":"page","link":"http:\/\/cidadescriativas.org.br\/site\/livros\/mostra-de-design-design-cidades-e-interesse-publico","title":{"rendered":"Mostra de Design &#8211; Design, Cidades e Interesse P\u00fablico"},"content":{"rendered":"<p><img loading=\"lazy\" decoding=\"async\" class=\"size-medium wp-image-601 alignleft\" src=\"http:\/\/www.cidadescriativas.org.br\/site\/wp-content\/uploads\/2017\/01\/capa-livro-mostra-design-204x300.png\" alt=\"\" width=\"204\" height=\"300\" srcset=\"http:\/\/cidadescriativas.org.br\/site\/wp-content\/uploads\/2017\/01\/capa-livro-mostra-design-204x300.png 204w, http:\/\/cidadescriativas.org.br\/site\/wp-content\/uploads\/2017\/01\/capa-livro-mostra-design.png 363w\" sizes=\"(max-width: 204px) 100vw, 204px\" \/>O livro sobre a <a href=\"http:\/\/www.cidadescriativas.org.br\/site\/producoes\/mostra-de-design\">Mostra de Design<\/a>, evento foca em design e arquitetura, realizado pelo Caf\u00e9 com Letras e parceiros entre 2005 e 2014, ser\u00e1 lan\u00e7ado neste s\u00e1bado. A obra traz textos de importantes pensadores, como Saskia Sassen, al\u00e9m da apresenta\u00e7\u00e3o de cada uma das edi\u00e7\u00f5es, com programa\u00e7\u00e3o, fotos e reflex\u00f5es de profissionais que contribuiram para constru\u00e7\u00e3o da mostra.<\/p>\n<p><strong>Ficha T\u00e9cnica<\/strong><br \/>\nOrganizador: Bruno Braz Golgher<br \/>\nEditora: Instituto Cidades Criativas<br \/>\nAssunto: Arquitetura\/Design<br \/>\nISBN 978-85-61136-17-8<br \/>\nN\u00famero de p\u00e1ginas: 132<\/p>\n ","protected":false},"excerpt":{"rendered":"<p>O livro sobre a Mostra de Design, evento foca em design e arquitetura, realizado pelo Caf\u00e9 com Letras e parceiros entre 2005 e 2014, ser\u00e1 lan\u00e7ado neste s\u00e1bado. A obra traz textos de importantes pensadores, como Saskia Sassen, al\u00e9m da apresenta\u00e7\u00e3o de cada uma das edi\u00e7\u00f5es, com programa\u00e7\u00e3o, fotos e reflex\u00f5es de profissionais que contribuiram&#8230;<\/p>\n","protected":false},"author":1,"featured_media":0,"parent":257,"menu_order":0,"comment_status":"closed","ping_status":"closed","template":"","meta":{"footnotes":""},"_links":{"self":[{"href":"http:\/\/cidadescriativas.org.br\/site\/wp-json\/wp\/v2\/pages\/600"}],"collection":[{"href":"http:\/\/cidadescriativas.org.br\/site\/wp-json\/wp\/v2\/pages"}],"about":[{"href":"http:\/\/cidadescriativas.org.br\/site\/wp-json\/wp\/v2\/types\/page"}],"author":[{"embeddable":true,"href":"http:\/\/cidadescriativas.org.br\/site\/wp-json\/wp\/v2\/users\/1"}],"replies":[{"embeddable":true,"href":"http:\/\/cidadescriativas.org.br\/site\/wp-json\/wp\/v2\/comments?post=600"}],"version-history":[{"count":1,"href":"http:\/\/cidadescriativas.org.br\/site\/wp-json\/wp\/v2\/pages\/600\/revisions"}],"predecessor-version":[{"id":602,"href":"http:\/\/cidadescriativas.org.br\/site\/wp-json\/wp\/v2\/pages\/600\/revisions\/602"}],"up":[{"embeddable":true,"href":"http:\/\/cidadescriativas.org.br\/site\/wp-json\/wp\/v2\/pages\/257"}],"wp:attachment":[{"href":"http:\/\/cidadescriativas.org.br\/site\/wp-json\/wp\/v2\/media?parent=600"}],"curies":[{"name":"wp","href":"https:\/\/api.w.org\/{rel}","templated":true}]}}