{"id":595,"date":"2017-01-09T17:08:10","date_gmt":"2017-01-09T17:08:10","guid":{"rendered":"http:\/\/www.cidadescriativas.org.br\/site\/?page_id=595"},"modified":"2017-01-09T17:16:54","modified_gmt":"2017-01-09T17:16:54","slug":"sobre-o-icc","status":"publish","type":"page","link":"http:\/\/cidadescriativas.org.br\/site\/sobre-o-icc","title":{"rendered":"Sobre o ICC"},"content":{"rendered":"<p>O Instituto Cidades Criativas \u00e9 uma associa\u00e7\u00e3o sem fins lucrativos cuja miss\u00e3o \u00e9 transformar Belo Horizonte e seu entorno em um n\u00facleo criativo por meio de projetos culturais, urban\u00edsticos e educacionais. <\/p>\n<p>De car\u00e1ter multidisciplinar e agremiador, o Instituto Cidades Criativas abre-se \u00e0 participa\u00e7\u00e3o de profissionais das mais diversas \u00e1reas: matem\u00e1ticos, arquitetos, dem\u00f3grafos, engenheiros, economistas, bi\u00f3logos, artistas, designers, produtores culturais, etc. Trata-se de uma iniciativa singular que afirma a criatividade como a maior fonte de riqueza e dinamismo no mundo atual. <\/p>\n<p>Neste site, voc\u00ea pode conferir as principais realiza\u00e7\u00f5es do Instituto Cidades Criativas. <\/p>\n ","protected":false},"excerpt":{"rendered":"<p>O Instituto Cidades Criativas \u00e9 uma associa\u00e7\u00e3o sem fins lucrativos cuja miss\u00e3o \u00e9 transformar Belo Horizonte e seu entorno em um n\u00facleo criativo por meio de projetos culturais, urban\u00edsticos e educacionais. De car\u00e1ter multidisciplinar e agremiador, o Instituto Cidades Criativas abre-se \u00e0 participa\u00e7\u00e3o de profissionais das mais diversas \u00e1reas: matem\u00e1ticos, arquitetos, dem\u00f3grafos, engenheiros, economistas, bi\u00f3logos,&#8230;<\/p>\n","protected":false},"author":1,"featured_media":0,"parent":0,"menu_order":0,"comment_status":"closed","ping_status":"closed","template":"","meta":{"footnotes":""},"_links":{"self":[{"href":"http:\/\/cidadescriativas.org.br\/site\/wp-json\/wp\/v2\/pages\/595"}],"collection":[{"href":"http:\/\/cidadescriativas.org.br\/site\/wp-json\/wp\/v2\/pages"}],"about":[{"href":"http:\/\/cidadescriativas.org.br\/site\/wp-json\/wp\/v2\/types\/page"}],"author":[{"embeddable":true,"href":"http:\/\/cidadescriativas.org.br\/site\/wp-json\/wp\/v2\/users\/1"}],"replies":[{"embeddable":true,"href":"http:\/\/cidadescriativas.org.br\/site\/wp-json\/wp\/v2\/comments?post=595"}],"version-history":[{"count":3,"href":"http:\/\/cidadescriativas.org.br\/site\/wp-json\/wp\/v2\/pages\/595\/revisions"}],"predecessor-version":[{"id":599,"href":"http:\/\/cidadescriativas.org.br\/site\/wp-json\/wp\/v2\/pages\/595\/revisions\/599"}],"wp:attachment":[{"href":"http:\/\/cidadescriativas.org.br\/site\/wp-json\/wp\/v2\/media?parent=595"}],"curies":[{"name":"wp","href":"https:\/\/api.w.org\/{rel}","templated":true}]}}