{"id":444,"date":"2016-03-18T20:18:37","date_gmt":"2016-03-18T20:18:37","guid":{"rendered":"http:\/\/www.cidadescriativas.org.br\/?page_id=444"},"modified":"2016-03-18T21:02:57","modified_gmt":"2016-03-18T21:02:57","slug":"darcy-james-big-band-palacio-das-artes","status":"publish","type":"page","link":"http:\/\/cidadescriativas.org.br\/site\/cds\/darcy-james-big-band-palacio-das-artes","title":{"rendered":"Darcy James &#038; Big Band Pal\u00e1cio das Artes"},"content":{"rendered":"<p style=\"text-align: left;\"><img loading=\"lazy\" decoding=\"async\" class=\"size-medium wp-image-447 alignleft\" src=\"http:\/\/www.cidadescriativas.org.br\/wp-content\/uploads\/2016\/03\/capa-cd-darcy-james-300x263.png\" alt=\"capa-cd-darcy-james\" width=\"300\" height=\"263\" srcset=\"http:\/\/cidadescriativas.org.br\/site\/wp-content\/uploads\/2016\/03\/capa-cd-darcy-james-300x263.png 300w, http:\/\/cidadescriativas.org.br\/site\/wp-content\/uploads\/2016\/03\/capa-cd-darcy-james.png 600w\" sizes=\"(max-width: 300px) 100vw, 300px\" \/>\u00a0&#8220;Este CD \u00e9 o resultado\u00a0dos 10 dias que estive me Belo Horizonte, Brasil, no final d ejulho de 2012. Trabalhei intensamente com os m\u00fasicos da Big Band Pal\u00e1cio das artes na prepara\u00e7\u00e3o de um concerto para o Savassi Festival e para as asess\u00f5e de grava\u00e7\u00e3o. Agrade\u00e7o a cada m\u00fasico pelo empenho, dedica\u00e7\u00e3o e \u00f3timo astral nas longas horas de ensaio, voc\u00eas t\u00eam a minha mais profunda admira\u00e7\u00e3o. Tamb\u00e9m gostaria de agradecer, de forma especial, ao maestro Nestor Lombida e ao assessor art\u00edstico Thiago Nunnes pela imprescind\u00edvel colabora\u00e7\u00e3o. Agrade\u00e7o tamb\u00e9m a Patr\u00edcia Avellar Zol pela hospitalidade e ao Bruno Braz Golgher, pelo convite para vir a Belo Horizonte e por tornar esta grava\u00e7\u00e3o poss\u00edvel&#8221;, Darcy James Argue.<\/p>\n<p>&nbsp;<\/p>\n<p>&nbsp;<\/p>\n<p><strong>Repert\u00f3rio:<\/strong><\/p>\n<p>1. Ritual &#8230;&#8230;&#8230;&#8230; 6:58<br \/>\n2. Transit &#8230;&#8230;&#8230;.. 7:26<br \/>\n3. Induction Effect .. 9:55<br \/>\n4. Flux in a Box &#8230;.. 10:15<br \/>\n5. Redeye &#8230;&#8230;&#8230;&#8230; 10:15<br \/>\n6. Zeno &#8230;&#8230;&#8230;&#8230;.. 7:15<\/p>\n<p>Todas as composi\u00e7\u00f5es s\u00e3o de Darcy James Argue (SOCAN). <\/p>\n<p style=\"text-align: left;\"><strong>Ficha t\u00e9cnica:<\/strong><\/p>\n<p style=\"text-align: left;\">Regente convidado: Darcy James Argue<br \/>\nRegente titular: Nestor Lombida<br \/>\nDire\u00e7\u00e3o geral: Patr\u00edcia Avellar Zol<br \/>\nAssessor art\u00edstico: Thiago Nunnes<\/p>\n<p style=\"text-align: left;\">Gerente de produ\u00e7\u00e3o: Simone Rangel<br \/>\nAssistentes de produ\u00e7\u00e3o: Beatriz Rezende e Edna Dias<br \/>\nMontador: Igor Rodrigues<br \/>\nSecret\u00e1ria: Jana\u00edna Fernandes<\/p>\n<p style=\"text-align: left;\">Base<\/p>\n<p style=\"text-align: left;\">Piano: Fred Natalino (chefe de naipe) e Emerson Oliveira<br \/>\nBateria: Bo Hilbert e Daniel Silva<br \/>\nGuitarra: Pablo Passini e Thiago Nunnes<br \/>\nContrabaixo ac\u00fastico e el\u00e9trico: Tiago Ribeiro Pedro e \u00a0Samuel Passos<br \/>\nPercuss\u00e3o: Fred Selva<\/p>\n<p style=\"text-align: left;\">Trompetes e Flugelhorns: Gilberto Elo\u00edsio (chefe de naipe), Gleisson Queiroz, Ismael Pereira, Jo\u00e3o Paulo Correa e Marcos Lima.<br \/>\nTrombones: Nat\u00e1lia Coimbra (chefe de naipe), Andr\u00e9 Pastore, Jo\u00e3o Machala, Orlando Francisco e Judson Menezes.<br \/>\nSaxofones: Emiliano Garcia Bolla (chefe de naipe), C\u00e9sar Baracho, Raphael Victor, Tiago Ramos, Alexandre Gomes e Bernardo Fabris*.<br \/>\nClarinetas: Bernardo Fabris*, Nik Payton* e Emiliano Garcia Bolla.<br \/>\nClarone: Fl\u00e1vio Ferreira*<br \/>\nFlautas: Joana Radicchi*<\/p>\n<p style=\"text-align: left;\">Engenheiro de som: Christiano Caldas<br \/>\nAssistentes: Pedro Veloso e J\u00fanior Caba<\/p>\n<p style=\"text-align: left;\">Edi\u00e7\u00e3o: Studio 71 (BH\/BRA)<br \/>\nCristiano Caldas, Thiago Nunnes e Nestor Lombida<\/p>\n<p style=\"text-align: left;\">Mixagem: Avatar Studios (NY\/EUA)<br \/>\nChristiano Caldas e Thiago Nunnes<br \/>\nAssistente: Tim Marchiafava<\/p>\n<p style=\"text-align: left;\">Masteriza\u00e7\u00e3o: Sterling Sound Studio (NY\/EUA), Greg Calbi e Steve Ferrone<\/p>\n<p style=\"text-align: left;\">*m\u00fasicos convidados.<\/p>\n ","protected":false},"excerpt":{"rendered":"<p>\u00a0&#8220;Este CD \u00e9 o resultado\u00a0dos 10 dias que estive me Belo Horizonte, Brasil, no final d ejulho de 2012. Trabalhei intensamente com os m\u00fasicos da Big Band Pal\u00e1cio das artes na prepara\u00e7\u00e3o de um concerto para o Savassi Festival e para as asess\u00f5e de grava\u00e7\u00e3o. Agrade\u00e7o a cada m\u00fasico pelo empenho, dedica\u00e7\u00e3o e \u00f3timo astral&#8230;<\/p>\n","protected":false},"author":1,"featured_media":0,"parent":259,"menu_order":0,"comment_status":"closed","ping_status":"closed","template":"page-fullwidth.php","meta":{"footnotes":""},"_links":{"self":[{"href":"http:\/\/cidadescriativas.org.br\/site\/wp-json\/wp\/v2\/pages\/444"}],"collection":[{"href":"http:\/\/cidadescriativas.org.br\/site\/wp-json\/wp\/v2\/pages"}],"about":[{"href":"http:\/\/cidadescriativas.org.br\/site\/wp-json\/wp\/v2\/types\/page"}],"author":[{"embeddable":true,"href":"http:\/\/cidadescriativas.org.br\/site\/wp-json\/wp\/v2\/users\/1"}],"replies":[{"embeddable":true,"href":"http:\/\/cidadescriativas.org.br\/site\/wp-json\/wp\/v2\/comments?post=444"}],"version-history":[{"count":14,"href":"http:\/\/cidadescriativas.org.br\/site\/wp-json\/wp\/v2\/pages\/444\/revisions"}],"predecessor-version":[{"id":461,"href":"http:\/\/cidadescriativas.org.br\/site\/wp-json\/wp\/v2\/pages\/444\/revisions\/461"}],"up":[{"embeddable":true,"href":"http:\/\/cidadescriativas.org.br\/site\/wp-json\/wp\/v2\/pages\/259"}],"wp:attachment":[{"href":"http:\/\/cidadescriativas.org.br\/site\/wp-json\/wp\/v2\/media?parent=444"}],"curies":[{"name":"wp","href":"https:\/\/api.w.org\/{rel}","templated":true}]}}