{"id":370,"date":"2016-02-20T00:47:24","date_gmt":"2016-02-20T00:47:24","guid":{"rendered":"http:\/\/localhost:8888\/icc\/?page_id=370"},"modified":"2016-03-18T18:51:01","modified_gmt":"2016-03-18T18:51:01","slug":"domesticidades","status":"publish","type":"page","link":"http:\/\/cidadescriativas.org.br\/site\/livros\/domesticidades","title":{"rendered":"Domesticidades"},"content":{"rendered":"<p><img loading=\"lazy\" decoding=\"async\" class=\"size-medium wp-image-404 alignleft\" src=\"http:\/\/www.cidadescriativas.org.br\/wp-content\/uploads\/2016\/02\/foto-domesticidades-188x300.png\" alt=\"foto-domesticidades\" width=\"188\" height=\"300\" srcset=\"http:\/\/cidadescriativas.org.br\/site\/wp-content\/uploads\/2016\/02\/foto-domesticidades-188x300.png 188w, http:\/\/cidadescriativas.org.br\/site\/wp-content\/uploads\/2016\/02\/foto-domesticidades.png 600w\" sizes=\"(max-width: 188px) 100vw, 188px\" \/>Este \u00e9 o primeiro volume de uma s\u00e9rie imagin\u00e1ria de guias de<br \/>\ndomesticidades. Dedicado a Belo Horizonte, integra uma cole\u00e7\u00e3o fict\u00edcia \u00e0<br \/>\nespera de ser completada com outras cidades mundo afora. Um guia de<br \/>\nc\u00f3digo aberto a ser recriado por aventureiros sedent\u00e1rios, aficcionados<br \/>\npelas paisagens \u00edntimas dos websites imobili\u00e1rios, colecionadores de<br \/>\nprosaicas imagens de apressados corretores e por cart\u00f3grafos amadores<br \/>\ndo vouyerismo comercial.<br \/>\nUm guia port\u00e1til para visitas remotas aos lugares n\u00e3o visit\u00e1veis das<br \/>\ncidades, aos espa\u00e7os cotidianos alheios, \u00e0s formas de habitar particulares<br \/>\ne \u00e0 privacidade an\u00f4nima &#8211; um manual de navega\u00e7\u00e3o para expedi\u00e7\u00f5es rumo<br \/>\nao espa\u00e7o insuspeitado da vida dom\u00e9stica contempor\u00e2nea.<\/p>\n<p>&nbsp;<\/p>\n<p><strong>Ficha T\u00e9cnica:<\/strong><br \/>\nAutores: Renata Marquez e Welligton Can\u00e7ado<br \/>\nEditora: Instituto Cidades Criativas<br \/>\nAssunto: Cidades<br \/>\nISBN 978-85-61659-03-5<br \/>\nN\u00famero de p\u00e1ginas: 120<\/p>\n ","protected":false},"excerpt":{"rendered":"<p>Este \u00e9 o primeiro volume de uma s\u00e9rie imagin\u00e1ria de guias de domesticidades. Dedicado a Belo Horizonte, integra uma cole\u00e7\u00e3o fict\u00edcia \u00e0 espera de ser completada com outras cidades mundo afora. Um guia de c\u00f3digo aberto a ser recriado por aventureiros sedent\u00e1rios, aficcionados pelas paisagens \u00edntimas dos websites imobili\u00e1rios, colecionadores de prosaicas imagens de apressados&#8230;<\/p>\n","protected":false},"author":1,"featured_media":0,"parent":257,"menu_order":0,"comment_status":"closed","ping_status":"closed","template":"page-fullwidth.php","meta":{"footnotes":""},"_links":{"self":[{"href":"http:\/\/cidadescriativas.org.br\/site\/wp-json\/wp\/v2\/pages\/370"}],"collection":[{"href":"http:\/\/cidadescriativas.org.br\/site\/wp-json\/wp\/v2\/pages"}],"about":[{"href":"http:\/\/cidadescriativas.org.br\/site\/wp-json\/wp\/v2\/types\/page"}],"author":[{"embeddable":true,"href":"http:\/\/cidadescriativas.org.br\/site\/wp-json\/wp\/v2\/users\/1"}],"replies":[{"embeddable":true,"href":"http:\/\/cidadescriativas.org.br\/site\/wp-json\/wp\/v2\/comments?post=370"}],"version-history":[{"count":4,"href":"http:\/\/cidadescriativas.org.br\/site\/wp-json\/wp\/v2\/pages\/370\/revisions"}],"predecessor-version":[{"id":407,"href":"http:\/\/cidadescriativas.org.br\/site\/wp-json\/wp\/v2\/pages\/370\/revisions\/407"}],"up":[{"embeddable":true,"href":"http:\/\/cidadescriativas.org.br\/site\/wp-json\/wp\/v2\/pages\/257"}],"wp:attachment":[{"href":"http:\/\/cidadescriativas.org.br\/site\/wp-json\/wp\/v2\/media?parent=370"}],"curies":[{"name":"wp","href":"https:\/\/api.w.org\/{rel}","templated":true}]}}