{"id":368,"date":"2016-02-20T00:47:10","date_gmt":"2016-02-20T00:47:10","guid":{"rendered":"http:\/\/localhost:8888\/icc\/?page_id=368"},"modified":"2016-03-18T19:11:23","modified_gmt":"2016-03-18T19:11:23","slug":"paisagens-diarias","status":"publish","type":"page","link":"http:\/\/cidadescriativas.org.br\/site\/livros\/paisagens-diarias","title":{"rendered":"Paisagens Di\u00e1rias"},"content":{"rendered":"<p><img loading=\"lazy\" decoding=\"async\" class=\"size-medium wp-image-427 alignleft\" src=\"http:\/\/www.cidadescriativas.org.br\/wp-content\/uploads\/2016\/02\/capa-paisagens-dia?rias-189x300.png\" alt=\"capa-paisagens-dia?rias\" width=\"189\" height=\"300\" \/>O livro traz um ensaio fotogr\u00e1fico da cidade de Ipatinga, localizada em<br \/>\nMinas Gerais. As fotos revelam o cotidiano da cidade aos olhos dos<br \/>\nautores que trazem os detalhes, que \u00e0s vezes passam despercebidos,<br \/>\nmas que falam muito n\u00e3o s\u00f3 da cidade como das pessoas que nela vivem.<\/p>\n<p><strong>Ficha T\u00e9nica:<\/strong><br \/>\nAutores: Carla Paoliello e C\u00e1ssio de Lucena<br \/>\nEditora: Instituto Cidades Criativas<br \/>\nAssunto: Fotografia<br \/>\nISBN: 978-85-61659-15-8<br \/>\nN\u00famero de P\u00e1ginas: 156<\/p>\n ","protected":false},"excerpt":{"rendered":"<p>O livro traz um ensaio fotogr\u00e1fico da cidade de Ipatinga, localizada em Minas Gerais. As fotos revelam o cotidiano da cidade aos olhos dos autores que trazem os detalhes, que \u00e0s vezes passam despercebidos, mas que falam muito n\u00e3o s\u00f3 da cidade como das pessoas que nela vivem. Ficha T\u00e9nica: Autores: Carla Paoliello e C\u00e1ssio&#8230;<\/p>\n","protected":false},"author":1,"featured_media":0,"parent":257,"menu_order":0,"comment_status":"closed","ping_status":"closed","template":"page-fullwidth.php","meta":{"footnotes":""},"_links":{"self":[{"href":"http:\/\/cidadescriativas.org.br\/site\/wp-json\/wp\/v2\/pages\/368"}],"collection":[{"href":"http:\/\/cidadescriativas.org.br\/site\/wp-json\/wp\/v2\/pages"}],"about":[{"href":"http:\/\/cidadescriativas.org.br\/site\/wp-json\/wp\/v2\/types\/page"}],"author":[{"embeddable":true,"href":"http:\/\/cidadescriativas.org.br\/site\/wp-json\/wp\/v2\/users\/1"}],"replies":[{"embeddable":true,"href":"http:\/\/cidadescriativas.org.br\/site\/wp-json\/wp\/v2\/comments?post=368"}],"version-history":[{"count":3,"href":"http:\/\/cidadescriativas.org.br\/site\/wp-json\/wp\/v2\/pages\/368\/revisions"}],"predecessor-version":[{"id":428,"href":"http:\/\/cidadescriativas.org.br\/site\/wp-json\/wp\/v2\/pages\/368\/revisions\/428"}],"up":[{"embeddable":true,"href":"http:\/\/cidadescriativas.org.br\/site\/wp-json\/wp\/v2\/pages\/257"}],"wp:attachment":[{"href":"http:\/\/cidadescriativas.org.br\/site\/wp-json\/wp\/v2\/media?parent=368"}],"curies":[{"name":"wp","href":"https:\/\/api.w.org\/{rel}","templated":true}]}}