{"id":366,"date":"2016-02-20T00:46:55","date_gmt":"2016-02-20T00:46:55","guid":{"rendered":"http:\/\/localhost:8888\/icc\/?page_id=366"},"modified":"2016-03-18T19:14:11","modified_gmt":"2016-03-18T19:14:11","slug":"perpendicular-cenario-ambiente","status":"publish","type":"page","link":"http:\/\/cidadescriativas.org.br\/site\/livros\/perpendicular-cenario-ambiente","title":{"rendered":"Perpendicular &#8211; Cen\u00e1rio # ambiente"},"content":{"rendered":"<p><img loading=\"lazy\" decoding=\"async\" class=\"size-medium wp-image-430 alignleft\" src=\"http:\/\/www.cidadescriativas.org.br\/wp-content\/uploads\/2016\/02\/capa-perpendicular-185x300.png\" alt=\"capa-perpendicular\" width=\"185\" height=\"300\" srcset=\"http:\/\/cidadescriativas.org.br\/site\/wp-content\/uploads\/2016\/02\/capa-perpendicular-185x300.png 185w, http:\/\/cidadescriativas.org.br\/site\/wp-content\/uploads\/2016\/02\/capa-perpendicular.png 600w\" sizes=\"(max-width: 185px) 100vw, 185px\" \/>O livro \u00e9 o resultado do projeto tamb\u00e9m chamado de Perpendicular que<br \/>\nmos t ra os acontec imentos Perpendi cularmuseu 2009 e<br \/>\nPerpendicular.ap &#8211; 2009 e 2010. Essas interven\u00e7\u00f5es aconteceram no<br \/>\nMuseu de Arte da Pampulha (MAP) e no Edif\u00edcio Maletta &#8211; local hist\u00f3rico<br \/>\nque serve de ponto de encontro de artistas da capital mineira -.<br \/>\nNesses dois locais, a\u00e7\u00f5es simultan\u00eaas de diversos artistas convidados<br \/>\nque trabalharam os conceitos referentes \u00e0s palavras cen\u00e1rio e<br \/>\nambiente, foram registrados. O resultado das experimenta\u00e7\u00f5es foram<br \/>\ncompilados no livro em forma de texto (em ingl\u00eas, espanhol e<br \/>\nportugu\u00eas) e imagens.<br \/>\nArtistas convidados:<br \/>\nPoro, Artur Mglio, Coletivo MAP, Nydia Negromonte, Wagner Rossi<br \/>\nCampos, Paulo Nazareth, Coletivo Xepa, M\u00e1rcio Shimabukuro &#8211; Shima,<br \/>\nChristina Fornacari e E. Mendez.<\/p>\n<p><strong>Ficha T\u00e9cnica:<\/strong><br \/>\nAutor: Wagner Rossi Campos<br \/>\nEditora: Instituto Cidades Criativas<br \/>\nAssunto: Arte contempor\u00e2nea<br \/>\nISBN 978-85-61659-14-1<br \/>\nN\u00famero de P\u00e1ginas: 100<\/p>\n ","protected":false},"excerpt":{"rendered":"<p>O livro \u00e9 o resultado do projeto tamb\u00e9m chamado de Perpendicular que mos t ra os acontec imentos Perpendi cularmuseu 2009 e Perpendicular.ap &#8211; 2009 e 2010. Essas interven\u00e7\u00f5es aconteceram no Museu de Arte da Pampulha (MAP) e no Edif\u00edcio Maletta &#8211; local hist\u00f3rico que serve de ponto de encontro de artistas da capital mineira&#8230;<\/p>\n","protected":false},"author":1,"featured_media":0,"parent":257,"menu_order":0,"comment_status":"closed","ping_status":"closed","template":"page-fullwidth.php","meta":{"footnotes":""},"_links":{"self":[{"href":"http:\/\/cidadescriativas.org.br\/site\/wp-json\/wp\/v2\/pages\/366"}],"collection":[{"href":"http:\/\/cidadescriativas.org.br\/site\/wp-json\/wp\/v2\/pages"}],"about":[{"href":"http:\/\/cidadescriativas.org.br\/site\/wp-json\/wp\/v2\/types\/page"}],"author":[{"embeddable":true,"href":"http:\/\/cidadescriativas.org.br\/site\/wp-json\/wp\/v2\/users\/1"}],"replies":[{"embeddable":true,"href":"http:\/\/cidadescriativas.org.br\/site\/wp-json\/wp\/v2\/comments?post=366"}],"version-history":[{"count":3,"href":"http:\/\/cidadescriativas.org.br\/site\/wp-json\/wp\/v2\/pages\/366\/revisions"}],"predecessor-version":[{"id":431,"href":"http:\/\/cidadescriativas.org.br\/site\/wp-json\/wp\/v2\/pages\/366\/revisions\/431"}],"up":[{"embeddable":true,"href":"http:\/\/cidadescriativas.org.br\/site\/wp-json\/wp\/v2\/pages\/257"}],"wp:attachment":[{"href":"http:\/\/cidadescriativas.org.br\/site\/wp-json\/wp\/v2\/media?parent=366"}],"curies":[{"name":"wp","href":"https:\/\/api.w.org\/{rel}","templated":true}]}}