{"id":364,"date":"2016-02-20T00:46:41","date_gmt":"2016-02-20T00:46:41","guid":{"rendered":"http:\/\/localhost:8888\/icc\/?page_id=364"},"modified":"2016-03-18T19:08:38","modified_gmt":"2016-03-18T19:08:38","slug":"lotes-vagos-ocupacoes-experimentais","status":"publish","type":"page","link":"http:\/\/cidadescriativas.org.br\/site\/livros\/lotes-vagos-ocupacoes-experimentais","title":{"rendered":"Lotes Vagos &#8211; Ocupa\u00e7\u00f5es Experimentais"},"content":{"rendered":"<p><img loading=\"lazy\" decoding=\"async\" class=\"size-medium wp-image-422 alignleft\" src=\"http:\/\/www.cidadescriativas.org.br\/wp-content\/uploads\/2016\/02\/capa-lotes-vagos-172x300.png\" alt=\"capa-lotes-vagos\" width=\"172\" height=\"300\" srcset=\"http:\/\/cidadescriativas.org.br\/site\/wp-content\/uploads\/2016\/02\/capa-lotes-vagos-172x300.png 172w, http:\/\/cidadescriativas.org.br\/site\/wp-content\/uploads\/2016\/02\/capa-lotes-vagos-589x1024.png 589w, http:\/\/cidadescriativas.org.br\/site\/wp-content\/uploads\/2016\/02\/capa-lotes-vagos.png 600w\" sizes=\"(max-width: 172px) 100vw, 172px\" \/>Essa obra faz parte da cole\u00e7\u00e3o &#8220;Jardins de Bolso&#8221; e trata de quest\u00f5es<br \/>\nmicropol\u00edticas e paisagem. Na obra os autores discutem a simbologia<br \/>\ndos lotes vagos de um cidade, as potencialidades como local de<br \/>\nliberdade do planejamento urbano determinista, al\u00e9m do relato da<br \/>\nocupa\u00e7\u00e3o experimental de 16 locais em Belo Horizonte.<\/p>\n<p><strong>Ficha T\u00e9cnica:<\/strong><br \/>\nAutores: Breno Silva e Louise Ganz<br \/>\nEditora: Instituto Cidades Criativas<br \/>\nAssunto: Arquitetura\/Paisagismo<br \/>\nISBN 978-85-61659-02-8<br \/>\nN\u00famero de p\u00e1ginas: 112<\/p>\n ","protected":false},"excerpt":{"rendered":"<p>Essa obra faz parte da cole\u00e7\u00e3o &#8220;Jardins de Bolso&#8221; e trata de quest\u00f5es micropol\u00edticas e paisagem. Na obra os autores discutem a simbologia dos lotes vagos de um cidade, as potencialidades como local de liberdade do planejamento urbano determinista, al\u00e9m do relato da ocupa\u00e7\u00e3o experimental de 16 locais em Belo Horizonte. Ficha T\u00e9cnica: Autores: Breno&#8230;<\/p>\n","protected":false},"author":1,"featured_media":0,"parent":257,"menu_order":0,"comment_status":"closed","ping_status":"closed","template":"page-fullwidth.php","meta":{"footnotes":""},"_links":{"self":[{"href":"http:\/\/cidadescriativas.org.br\/site\/wp-json\/wp\/v2\/pages\/364"}],"collection":[{"href":"http:\/\/cidadescriativas.org.br\/site\/wp-json\/wp\/v2\/pages"}],"about":[{"href":"http:\/\/cidadescriativas.org.br\/site\/wp-json\/wp\/v2\/types\/page"}],"author":[{"embeddable":true,"href":"http:\/\/cidadescriativas.org.br\/site\/wp-json\/wp\/v2\/users\/1"}],"replies":[{"embeddable":true,"href":"http:\/\/cidadescriativas.org.br\/site\/wp-json\/wp\/v2\/comments?post=364"}],"version-history":[{"count":4,"href":"http:\/\/cidadescriativas.org.br\/site\/wp-json\/wp\/v2\/pages\/364\/revisions"}],"predecessor-version":[{"id":424,"href":"http:\/\/cidadescriativas.org.br\/site\/wp-json\/wp\/v2\/pages\/364\/revisions\/424"}],"up":[{"embeddable":true,"href":"http:\/\/cidadescriativas.org.br\/site\/wp-json\/wp\/v2\/pages\/257"}],"wp:attachment":[{"href":"http:\/\/cidadescriativas.org.br\/site\/wp-json\/wp\/v2\/media?parent=364"}],"curies":[{"name":"wp","href":"https:\/\/api.w.org\/{rel}","templated":true}]}}