{"id":360,"date":"2016-02-20T00:46:10","date_gmt":"2016-02-20T00:46:10","guid":{"rendered":"http:\/\/localhost:8888\/icc\/?page_id=360"},"modified":"2016-03-18T19:06:22","modified_gmt":"2016-03-18T19:06:22","slug":"espacos-colaterais","status":"publish","type":"page","link":"http:\/\/cidadescriativas.org.br\/site\/livros\/espacos-colaterais","title":{"rendered":"Espa\u00e7os Colaterais"},"content":{"rendered":"<p><img loading=\"lazy\" decoding=\"async\" class=\"size-medium wp-image-418 alignleft\" src=\"http:\/\/www.cidadescriativas.org.br\/wp-content\/uploads\/2016\/02\/capa-espac?os-colaterais-224x300.png\" alt=\"capa-espac?os-colaterais\" width=\"224\" height=\"300\" \/>Lotes vagos tornados temporariamente espa\u00e7os p\u00fablicos, espet\u00e1culos<br \/>\nteatrais em palafitas esquecidas, mobili\u00e1rio escolar fabricado com<br \/>\nengradados pl\u00e1sticos industriais, portal transversal para renova\u00e7\u00e3o<br \/>\nurbana, pr\u00f3teses arquitet\u00f4nicas para habita\u00e7\u00f5es prec\u00e1rias,<br \/>\nestacionamentos centrais reconfigurados como lugares de pernoite,<br \/>\nincorpora\u00e7\u00f5es imobili\u00e1rias que redesenham favelas vizinhas,<br \/>\ncartografias subjetivas para interven\u00e7\u00f5es m\u00ednimas, pra\u00e7a p\u00fablica<br \/>\ncustomizada por moradores locais, edif\u00edcio-piloto para experi\u00eancia de<br \/>\ngest\u00e3o prisional, baixios de viadutos como laborat\u00f3rios de<br \/>\nreprograma\u00e7\u00e3o urbana, equipamentos solid\u00e1rios para vendedores<br \/>\nambulantes, ambientes digitais para auto-gest\u00e3o em mutir\u00e3o, extens\u00e3o<br \/>\nuniversit\u00e1ria dentro de assentamentos informais, empreendimento<br \/>\nabandonado como possibilidade de coexist\u00eancia e emancipa\u00e7\u00e3o<br \/>\npol\u00edtica. Uma investiga\u00e7\u00e3o indispens\u00e1vel \u00e0 atualiza\u00e7\u00e3o dos repert\u00f3rios<br \/>\narquitet\u00f4nicos e procedimentos de a\u00e7\u00e3o nas cidades brasileiras e seus<br \/>\nrebatimentos poss\u00edveis na forma\u00e7\u00e3o de futuros arquitetos.<\/p>\n<p><strong>Ficha T\u00e9cnica:<\/strong><br \/>\nAutores: Carlos M Teixeira, Renata Marquez e Welligton Can\u00e7ado<br \/>\nEditora: Instituto Cidades Criativas<br \/>\nAssunto: Arquitetura<br \/>\nISBN 978-85-61659-00-4<br \/>\nN\u00famero de p\u00e1ginas: 312<\/p>\n ","protected":false},"excerpt":{"rendered":"<p>Lotes vagos tornados temporariamente espa\u00e7os p\u00fablicos, espet\u00e1culos teatrais em palafitas esquecidas, mobili\u00e1rio escolar fabricado com engradados pl\u00e1sticos industriais, portal transversal para renova\u00e7\u00e3o urbana, pr\u00f3teses arquitet\u00f4nicas para habita\u00e7\u00f5es prec\u00e1rias, estacionamentos centrais reconfigurados como lugares de pernoite, incorpora\u00e7\u00f5es imobili\u00e1rias que redesenham favelas vizinhas, cartografias subjetivas para interven\u00e7\u00f5es m\u00ednimas, pra\u00e7a p\u00fablica customizada por moradores locais, edif\u00edcio-piloto para experi\u00eancia&#8230;<\/p>\n","protected":false},"author":1,"featured_media":0,"parent":257,"menu_order":0,"comment_status":"closed","ping_status":"closed","template":"page-fullwidth.php","meta":{"footnotes":""},"_links":{"self":[{"href":"http:\/\/cidadescriativas.org.br\/site\/wp-json\/wp\/v2\/pages\/360"}],"collection":[{"href":"http:\/\/cidadescriativas.org.br\/site\/wp-json\/wp\/v2\/pages"}],"about":[{"href":"http:\/\/cidadescriativas.org.br\/site\/wp-json\/wp\/v2\/types\/page"}],"author":[{"embeddable":true,"href":"http:\/\/cidadescriativas.org.br\/site\/wp-json\/wp\/v2\/users\/1"}],"replies":[{"embeddable":true,"href":"http:\/\/cidadescriativas.org.br\/site\/wp-json\/wp\/v2\/comments?post=360"}],"version-history":[{"count":4,"href":"http:\/\/cidadescriativas.org.br\/site\/wp-json\/wp\/v2\/pages\/360\/revisions"}],"predecessor-version":[{"id":420,"href":"http:\/\/cidadescriativas.org.br\/site\/wp-json\/wp\/v2\/pages\/360\/revisions\/420"}],"up":[{"embeddable":true,"href":"http:\/\/cidadescriativas.org.br\/site\/wp-json\/wp\/v2\/pages\/257"}],"wp:attachment":[{"href":"http:\/\/cidadescriativas.org.br\/site\/wp-json\/wp\/v2\/media?parent=360"}],"curies":[{"name":"wp","href":"https:\/\/api.w.org\/{rel}","templated":true}]}}