{"id":358,"date":"2016-02-20T00:45:48","date_gmt":"2016-02-20T00:45:48","guid":{"rendered":"http:\/\/localhost:8888\/icc\/?page_id=358"},"modified":"2016-03-18T18:47:08","modified_gmt":"2016-03-18T18:47:08","slug":"coletanea-memoria-da-danca","status":"publish","type":"page","link":"http:\/\/cidadescriativas.org.br\/site\/livros\/coletanea-memoria-da-danca","title":{"rendered":"Colet\u00e2nea Mem\u00f3ria da Dan\u00e7a"},"content":{"rendered":"<p><img loading=\"lazy\" decoding=\"async\" class=\"size-medium wp-image-396 alignleft\" src=\"http:\/\/www.cidadescriativas.org.br\/wp-content\/uploads\/2016\/02\/foto-coletanea-232x300.png\" alt=\"foto-coletanea\" width=\"232\" height=\"300\" srcset=\"http:\/\/cidadescriativas.org.br\/site\/wp-content\/uploads\/2016\/02\/foto-coletanea-232x300.png 232w, http:\/\/cidadescriativas.org.br\/site\/wp-content\/uploads\/2016\/02\/foto-coletanea.png 600w\" sizes=\"(max-width: 232px) 100vw, 232px\" \/>Resultado do projeto Miss\u00e3o Mem\u00f3ria da Dan\u00e7a 2010, a colet\u00e2nea de<br \/>\noito livros s\u00e3o um regaste a hist\u00f3ria de dan\u00e7a de Belo Horizonte por meiode grandes nomes como Klauss Vianna, Carlos Leite e Nat\u00e1lia Lessa. S\u00e3o oito biografias escritas por diversos autores e tamb\u00e9m dan\u00e7arinos da capital mineira, incluindo o professor Arnaldo Leite Alvarenga. Cont\u00e9m na colet\u00e2nea biografias dos bailarinos: Nat\u00e1lia Lessa, Klaus Vianna, Carlos Leite, Dulce Beltr\u00e3o, Ana L\u00facia de Carvalho, Marilene Martins, Helena Vasconcellos e Maria Clara Salles.<\/p>\n<p><strong>Ficha T\u00e9cnica:<\/strong><br \/>\nAutores: Arnaldo Alvarenga, Gl\u00f3ria Reis, Carla Lima e Gabriela C\u00f3rdova<br \/>\nEditora: Instituto Cidades Criativas<br \/>\nAssunto: Cidades<br \/>\nISBN 978-85-61659-08-0<br \/>\nN\u00famero de livros: 8<\/p>\n ","protected":false},"excerpt":{"rendered":"<p>Resultado do projeto Miss\u00e3o Mem\u00f3ria da Dan\u00e7a 2010, a colet\u00e2nea de oito livros s\u00e3o um regaste a hist\u00f3ria de dan\u00e7a de Belo Horizonte por meiode grandes nomes como Klauss Vianna, Carlos Leite e Nat\u00e1lia Lessa. S\u00e3o oito biografias escritas por diversos autores e tamb\u00e9m dan\u00e7arinos da capital mineira, incluindo o professor Arnaldo Leite Alvarenga. Cont\u00e9m&#8230;<\/p>\n","protected":false},"author":1,"featured_media":0,"parent":257,"menu_order":0,"comment_status":"closed","ping_status":"closed","template":"page-fullwidth.php","meta":{"footnotes":""},"_links":{"self":[{"href":"http:\/\/cidadescriativas.org.br\/site\/wp-json\/wp\/v2\/pages\/358"}],"collection":[{"href":"http:\/\/cidadescriativas.org.br\/site\/wp-json\/wp\/v2\/pages"}],"about":[{"href":"http:\/\/cidadescriativas.org.br\/site\/wp-json\/wp\/v2\/types\/page"}],"author":[{"embeddable":true,"href":"http:\/\/cidadescriativas.org.br\/site\/wp-json\/wp\/v2\/users\/1"}],"replies":[{"embeddable":true,"href":"http:\/\/cidadescriativas.org.br\/site\/wp-json\/wp\/v2\/comments?post=358"}],"version-history":[{"count":5,"href":"http:\/\/cidadescriativas.org.br\/site\/wp-json\/wp\/v2\/pages\/358\/revisions"}],"predecessor-version":[{"id":402,"href":"http:\/\/cidadescriativas.org.br\/site\/wp-json\/wp\/v2\/pages\/358\/revisions\/402"}],"up":[{"embeddable":true,"href":"http:\/\/cidadescriativas.org.br\/site\/wp-json\/wp\/v2\/pages\/257"}],"wp:attachment":[{"href":"http:\/\/cidadescriativas.org.br\/site\/wp-json\/wp\/v2\/media?parent=358"}],"curies":[{"name":"wp","href":"https:\/\/api.w.org\/{rel}","templated":true}]}}