{"id":356,"date":"2016-02-20T00:45:30","date_gmt":"2016-02-20T00:45:30","guid":{"rendered":"http:\/\/localhost:8888\/icc\/?page_id=356"},"modified":"2016-03-18T19:04:03","modified_gmt":"2016-03-18T19:04:03","slug":"atlas-ambulante","status":"publish","type":"page","link":"http:\/\/cidadescriativas.org.br\/site\/livros\/atlas-ambulante","title":{"rendered":"Atlas Ambulante"},"content":{"rendered":"<p><img loading=\"lazy\" decoding=\"async\" class=\"alignnone size-medium wp-image-413 alignleft\" src=\"http:\/\/www.cidadescriativas.org.br\/wp-content\/uploads\/2016\/02\/atlas-ambulante-livro-171x300.png\" alt=\"atlas-ambulante-livro\" width=\"171\" height=\"300\" srcset=\"http:\/\/cidadescriativas.org.br\/site\/wp-content\/uploads\/2016\/02\/atlas-ambulante-livro-171x300.png 171w, http:\/\/cidadescriativas.org.br\/site\/wp-content\/uploads\/2016\/02\/atlas-ambulante-livro-585x1024.png 585w, http:\/\/cidadescriativas.org.br\/site\/wp-content\/uploads\/2016\/02\/atlas-ambulante-livro.png 600w\" sizes=\"(max-width: 171px) 100vw, 171px\" \/>Esta obra funde a estrat\u00e9gia do retrato com a cartografia. O retrato, sem perder as suas inerentes atribui\u00e7\u00f5es de identidade, \u00e9 posto a operar como um atlas, inst\u00e2ncia cuja fun\u00e7\u00e3o \u00e9 o entendimento espacial. Mas nele o ambulante n\u00e3o \u00e9 uma abstra\u00e7\u00e3o ou idealiza\u00e7\u00e3o nem \u00e9 o sujeito an\u00f4nimo ou o homem comum: ele tem nome, endere\u00e7o e itiner\u00e1rios espec\u00edficos, \u00e9 possuidor de \u201cmodos de fazer\u201d e conhecimentos espaciais \u00fanicos.<\/p>\n<p><strong>Ficha t\u00e9cnica:<\/strong><br \/>\nOrganiza\u00e7\u00e3o: Renata Marquez e Wellington Can\u00e7ado<br \/>\nEditora: Instituto Cidades Criativas<br \/>\nAssunto: Arquitetura \/ Cartografia<br \/>\nISBN\u00a0978-85-61659-18-9<br \/>\nN\u00famero de p\u00e1ginas:\u00a0160<\/p>\n ","protected":false},"excerpt":{"rendered":"<p>Esta obra funde a estrat\u00e9gia do retrato com a cartografia. O retrato, sem perder as suas inerentes atribui\u00e7\u00f5es de identidade, \u00e9 posto a operar como um atlas, inst\u00e2ncia cuja fun\u00e7\u00e3o \u00e9 o entendimento espacial. Mas nele o ambulante n\u00e3o \u00e9 uma abstra\u00e7\u00e3o ou idealiza\u00e7\u00e3o nem \u00e9 o sujeito an\u00f4nimo ou o homem comum: ele tem&#8230;<\/p>\n","protected":false},"author":1,"featured_media":0,"parent":257,"menu_order":0,"comment_status":"closed","ping_status":"closed","template":"page-fullwidth.php","meta":{"footnotes":""},"_links":{"self":[{"href":"http:\/\/cidadescriativas.org.br\/site\/wp-json\/wp\/v2\/pages\/356"}],"collection":[{"href":"http:\/\/cidadescriativas.org.br\/site\/wp-json\/wp\/v2\/pages"}],"about":[{"href":"http:\/\/cidadescriativas.org.br\/site\/wp-json\/wp\/v2\/types\/page"}],"author":[{"embeddable":true,"href":"http:\/\/cidadescriativas.org.br\/site\/wp-json\/wp\/v2\/users\/1"}],"replies":[{"embeddable":true,"href":"http:\/\/cidadescriativas.org.br\/site\/wp-json\/wp\/v2\/comments?post=356"}],"version-history":[{"count":5,"href":"http:\/\/cidadescriativas.org.br\/site\/wp-json\/wp\/v2\/pages\/356\/revisions"}],"predecessor-version":[{"id":415,"href":"http:\/\/cidadescriativas.org.br\/site\/wp-json\/wp\/v2\/pages\/356\/revisions\/415"}],"up":[{"embeddable":true,"href":"http:\/\/cidadescriativas.org.br\/site\/wp-json\/wp\/v2\/pages\/257"}],"wp:attachment":[{"href":"http:\/\/cidadescriativas.org.br\/site\/wp-json\/wp\/v2\/media?parent=356"}],"curies":[{"name":"wp","href":"https:\/\/api.w.org\/{rel}","templated":true}]}}