{"id":353,"date":"2016-02-20T00:44:59","date_gmt":"2016-02-20T00:44:59","guid":{"rendered":"http:\/\/localhost:8888\/icc\/?page_id=353"},"modified":"2016-03-18T18:54:08","modified_gmt":"2016-03-18T18:54:08","slug":"entre","status":"publish","type":"page","link":"http:\/\/cidadescriativas.org.br\/site\/livros\/entre","title":{"rendered":"Entre"},"content":{"rendered":"<p><img loading=\"lazy\" decoding=\"async\" class=\"size-medium wp-image-409 alignleft\" src=\"http:\/\/www.cidadescriativas.org.br\/wp-content\/uploads\/2016\/02\/livro-entre-1-208x300.png\" alt=\"livro-entre\" width=\"208\" height=\"300\" srcset=\"http:\/\/cidadescriativas.org.br\/site\/wp-content\/uploads\/2016\/02\/livro-entre-1-208x300.png 208w, http:\/\/cidadescriativas.org.br\/site\/wp-content\/uploads\/2016\/02\/livro-entre-1.png 600w\" sizes=\"(max-width: 208px) 100vw, 208px\" \/>Livro re\u00fane sete projetos do arquiteto Carlos M. Teixeira, respons\u00e1vel<br \/>\npela concep\u00e7\u00e3o do terreiro &#8220;O Outro, O Mesmo&#8221;, um dos seis espa\u00e7os<br \/>\nde conv\u00edvio da 29\u00b0 Bienal Internacional de S\u00e3o Paulo.<br \/>\nA obra \u00e9 composta tamb\u00e9m por outros projetos como o Amn\u00e9sias<br \/>\nTopogr\u00e1ficas que mostra a investiga\u00e7\u00e3o do escrit\u00f3rio Vazio S\/A (fundado<br \/>\npor Carlos M Texeira) juntamente com o grupo de Teatro Armatrux.<\/p>\n<p><strong>Ficha T\u00e9cnica:<\/strong><br \/>\nAutor: Carlos M. Teixeira<br \/>\nEditora: Instituto Cidades Criativas<br \/>\nAssunto: Arquitetura<br \/>\nISBN 978-85-61659-13-4<br \/>\nN\u00famero de p\u00e1ginas: 380<\/p>\n ","protected":false},"excerpt":{"rendered":"<p>Livro re\u00fane sete projetos do arquiteto Carlos M. Teixeira, respons\u00e1vel pela concep\u00e7\u00e3o do terreiro &#8220;O Outro, O Mesmo&#8221;, um dos seis espa\u00e7os de conv\u00edvio da 29\u00b0 Bienal Internacional de S\u00e3o Paulo. A obra \u00e9 composta tamb\u00e9m por outros projetos como o Amn\u00e9sias Topogr\u00e1ficas que mostra a investiga\u00e7\u00e3o do escrit\u00f3rio Vazio S\/A (fundado por Carlos M&#8230;<\/p>\n","protected":false},"author":1,"featured_media":0,"parent":257,"menu_order":0,"comment_status":"closed","ping_status":"closed","template":"page-fullwidth.php","meta":{"footnotes":""},"_links":{"self":[{"href":"http:\/\/cidadescriativas.org.br\/site\/wp-json\/wp\/v2\/pages\/353"}],"collection":[{"href":"http:\/\/cidadescriativas.org.br\/site\/wp-json\/wp\/v2\/pages"}],"about":[{"href":"http:\/\/cidadescriativas.org.br\/site\/wp-json\/wp\/v2\/types\/page"}],"author":[{"embeddable":true,"href":"http:\/\/cidadescriativas.org.br\/site\/wp-json\/wp\/v2\/users\/1"}],"replies":[{"embeddable":true,"href":"http:\/\/cidadescriativas.org.br\/site\/wp-json\/wp\/v2\/comments?post=353"}],"version-history":[{"count":4,"href":"http:\/\/cidadescriativas.org.br\/site\/wp-json\/wp\/v2\/pages\/353\/revisions"}],"predecessor-version":[{"id":411,"href":"http:\/\/cidadescriativas.org.br\/site\/wp-json\/wp\/v2\/pages\/353\/revisions\/411"}],"up":[{"embeddable":true,"href":"http:\/\/cidadescriativas.org.br\/site\/wp-json\/wp\/v2\/pages\/257"}],"wp:attachment":[{"href":"http:\/\/cidadescriativas.org.br\/site\/wp-json\/wp\/v2\/media?parent=353"}],"curies":[{"name":"wp","href":"https:\/\/api.w.org\/{rel}","templated":true}]}}