{"id":340,"date":"2016-02-20T00:33:37","date_gmt":"2016-02-20T00:33:37","guid":{"rendered":"http:\/\/localhost:8888\/icc\/?page_id=340"},"modified":"2016-03-31T19:13:55","modified_gmt":"2016-03-31T19:13:55","slug":"chris-washburne-e-big-band-palacio-das-artes","status":"publish","type":"page","link":"http:\/\/cidadescriativas.org.br\/site\/cds\/chris-washburne-e-big-band-palacio-das-artes","title":{"rendered":"Chris Washburne e Big Band Pal\u00e1cio das Artes"},"content":{"rendered":"<p><img loading=\"lazy\" decoding=\"async\" class=\"size-medium wp-image-492 alignleft\" src=\"http:\/\/www.cidadescriativas.org.br\/wp-content\/uploads\/2016\/02\/capa-cris-washbrunes-300x273.png\" alt=\"capa-cris-washbrunes\" width=\"300\" height=\"273\" srcset=\"http:\/\/cidadescriativas.org.br\/site\/wp-content\/uploads\/2016\/02\/capa-cris-washbrunes-300x273.png 300w, http:\/\/cidadescriativas.org.br\/site\/wp-content\/uploads\/2016\/02\/capa-cris-washbrunes.png 600w\" sizes=\"(max-width: 300px) 100vw, 300px\" \/><\/p>\n<p>Chris Washburne \u00e9 um daqueles raros artistas cuja pr\u00e1tica musical atravessa por diversos estilos e fronteiras culturais. Desde o in\u00edcio de sua carreria, ele se recusou a ser categorizado apenas como m\u00fasico cl\u00e1ssico ou de jazz. Ao contr\u00e1rio disso, optou po um caminho plural. Esse caminhou o levou a ser convidado para fazer um resid\u00eancia com a Big Band Pal\u00e1cio das Artes, na \u00e9poca regida pelo maestro Nestor Lombida.<\/p>\n<p>&nbsp;<\/p>\n<p>&nbsp;<\/p>\n<p>&nbsp;<\/p>\n<p><strong>Repert\u00f3rio:<\/strong><br \/>\n1.\u00a0Pink<br \/>\n2.\u00a0Money<br \/>\n3.\u00a0Fields of Moons<br \/>\n4.\u00a0Blue Gust<br \/>\n5.\u00a0Ballada<br \/>\n6.\u00a0Nuyorican Son<br \/>\n7.\u00a0Worstward Ho<\/p>\n<p style=\"text-align: left;\"><strong>Ficha t\u00e9cnica:<\/strong><\/p>\n<p>Regente convidado: Chris Washburne<br \/>\nMaestro e arranjador: Nestor Lombida<br \/>\nDire\u00e7\u00e3o-geral: Patr\u00edcia Avellar Zol<br \/>\nAssessor art\u00edstico: Thiago Nunnes<br \/>\nProdu\u00e7\u00e3o\/coordena\u00e7\u00e3o: J\u00faniro Nery e Simone Rangel<\/p>\n<p>Secret\u00e1ria: Jana\u00edna Fernandes<br \/>\nAssistentes de produ\u00e7\u00e3o: Beatriz Rezente e Edna Dias<br \/>\nMontador: Anderson Correa<br \/>\nT\u00e9cnico de Som: Andr\u00e9 Tavares<\/p>\n<p>Base<\/p>\n<p>Piano: Emerson Oliveira<br \/>\nBateria: Fernando &#8220;Feij\u00e3o&#8221;Monteiro<br \/>\nGuitarra: Pablo Passini*<br \/>\nContrabaixo ac\u00fastico e el\u00e9trico: Tiago Buiu<br \/>\nPercuss\u00e3o: Gladson Braga<\/p>\n<p>Trompetes: Marco Lima, Mois\u00e9s Nazar\u00e9*, Ulisses Oliveira, Vagner Vieira e William Alves<br \/>\nTrombones: Fabr\u00edcio Hernane*, Filipe Santana, Jo\u00e3o Machala e Orlando Belo<br \/>\nSaxofones: C\u00e9sar Baracho, Emiliano Garcia Bolla*, Jacques Maia, Jonas da Silva e Tiago Ramos.<\/p>\n<p>* Chefes de Naipe<\/p>\n<p>Engenheiro de som: Cristiano Caldas<br \/>\nLocal de grava\u00e7\u00e3o: Studio Ac\u00fastico (BH)<br \/>\nMixagem e Masteriza\u00e7\u00e3o: Studio 71 (BH)<br \/>\nEdi\u00e7\u00e3o: Christiano Caldas e Thiago Nunnes<\/p>\n ","protected":false},"excerpt":{"rendered":"<p>Chris Washburne \u00e9 um daqueles raros artistas cuja pr\u00e1tica musical atravessa por diversos estilos e fronteiras culturais. Desde o in\u00edcio de sua carreria, ele se recusou a ser categorizado apenas como m\u00fasico cl\u00e1ssico ou de jazz. Ao contr\u00e1rio disso, optou po um caminho plural. Esse caminhou o levou a ser convidado para fazer um resid\u00eancia&#8230;<\/p>\n","protected":false},"author":1,"featured_media":0,"parent":259,"menu_order":0,"comment_status":"closed","ping_status":"closed","template":"page-fullwidth.php","meta":{"footnotes":""},"_links":{"self":[{"href":"http:\/\/cidadescriativas.org.br\/site\/wp-json\/wp\/v2\/pages\/340"}],"collection":[{"href":"http:\/\/cidadescriativas.org.br\/site\/wp-json\/wp\/v2\/pages"}],"about":[{"href":"http:\/\/cidadescriativas.org.br\/site\/wp-json\/wp\/v2\/types\/page"}],"author":[{"embeddable":true,"href":"http:\/\/cidadescriativas.org.br\/site\/wp-json\/wp\/v2\/users\/1"}],"replies":[{"embeddable":true,"href":"http:\/\/cidadescriativas.org.br\/site\/wp-json\/wp\/v2\/comments?post=340"}],"version-history":[{"count":6,"href":"http:\/\/cidadescriativas.org.br\/site\/wp-json\/wp\/v2\/pages\/340\/revisions"}],"predecessor-version":[{"id":495,"href":"http:\/\/cidadescriativas.org.br\/site\/wp-json\/wp\/v2\/pages\/340\/revisions\/495"}],"up":[{"embeddable":true,"href":"http:\/\/cidadescriativas.org.br\/site\/wp-json\/wp\/v2\/pages\/259"}],"wp:attachment":[{"href":"http:\/\/cidadescriativas.org.br\/site\/wp-json\/wp\/v2\/media?parent=340"}],"curies":[{"name":"wp","href":"https:\/\/api.w.org\/{rel}","templated":true}]}}