{"id":334,"date":"2016-02-20T00:32:33","date_gmt":"2016-02-20T00:32:33","guid":{"rendered":"http:\/\/localhost:8888\/icc\/?page_id=334"},"modified":"2017-01-09T17:04:11","modified_gmt":"2017-01-09T17:04:11","slug":"mostra-de-design","status":"publish","type":"page","link":"http:\/\/cidadescriativas.org.br\/site\/producoes\/mostra-de-design","title":{"rendered":"Mostra de Design"},"content":{"rendered":"<p>A <strong>Mostra de Design<\/strong> foi criada em 2005, no <a href=\"http:\/\/www.cafecomletras.com.br\/\" target=\"_blank\">Caf\u00e9 com Letras<\/a>. Um conjunto de frequentadores preocupados e com desejo de discutir e mostrar a produ\u00e7\u00e3o da \u00e1rea na capital mineira e propuseram a realizar o evento pela primeira. Ao longo dos anos, a Mostra de Design desdobrou-se em diversas atividades, como palestras internacionais, pic nic em meio a vias p\u00fablicas, feira de design, semin\u00e1rio guiados pela cidade, exposi\u00e7\u00f5es, visitas \u00e0 ag\u00eancias e outros.<\/p>\n<p>O projeto foi realizado at\u00e9 sua d\u00e9cima edi\u00e7\u00e3o com a produ\u00e7\u00e3o de um livro-cat\u00e1logo que retrata toda a trajet\u00f3ria do evento por meio de fotos, textos de curadores e do realizador, Bruno Braz Golgher.<\/p>\n<div id='gallery-1' class='gallery galleryid-334 gallery-columns-3 gallery-size-medium'><figure class='gallery-item'>\n\t\t\t<div class='gallery-icon landscape'>\n\t\t\t\t<img loading=\"lazy\" decoding=\"async\" width=\"300\" height=\"200\" src=\"http:\/\/cidadescriativas.org.br\/site\/wp-content\/uploads\/2016\/02\/Mostra-de-Design2012-by-Refinaria_0247-300x200.jpg\" class=\"attachment-medium size-medium\" alt=\"\" srcset=\"http:\/\/cidadescriativas.org.br\/site\/wp-content\/uploads\/2016\/02\/Mostra-de-Design2012-by-Refinaria_0247-300x200.jpg 300w, http:\/\/cidadescriativas.org.br\/site\/wp-content\/uploads\/2016\/02\/Mostra-de-Design2012-by-Refinaria_0247.jpg 600w\" sizes=\"(max-width: 300px) 100vw, 300px\" \/>\n\t\t\t<\/div><\/figure><figure class='gallery-item'>\n\t\t\t<div class='gallery-icon landscape'>\n\t\t\t\t<img loading=\"lazy\" decoding=\"async\" width=\"300\" height=\"200\" src=\"http:\/\/cidadescriativas.org.br\/site\/wp-content\/uploads\/2016\/02\/Mostra-de-Design2012-by-Refinaria_0330-300x200.jpg\" class=\"attachment-medium size-medium\" alt=\"\" srcset=\"http:\/\/cidadescriativas.org.br\/site\/wp-content\/uploads\/2016\/02\/Mostra-de-Design2012-by-Refinaria_0330-300x200.jpg 300w, http:\/\/cidadescriativas.org.br\/site\/wp-content\/uploads\/2016\/02\/Mostra-de-Design2012-by-Refinaria_0330-1024x681.jpg 1024w, http:\/\/cidadescriativas.org.br\/site\/wp-content\/uploads\/2016\/02\/Mostra-de-Design2012-by-Refinaria_0330-642x427.jpg 642w, http:\/\/cidadescriativas.org.br\/site\/wp-content\/uploads\/2016\/02\/Mostra-de-Design2012-by-Refinaria_0330-978x651.jpg 978w, http:\/\/cidadescriativas.org.br\/site\/wp-content\/uploads\/2016\/02\/Mostra-de-Design2012-by-Refinaria_0330-e1458834776875.jpg 600w\" sizes=\"(max-width: 300px) 100vw, 300px\" \/>\n\t\t\t<\/div><\/figure><figure class='gallery-item'>\n\t\t\t<div class='gallery-icon landscape'>\n\t\t\t\t<img loading=\"lazy\" decoding=\"async\" width=\"300\" height=\"200\" src=\"http:\/\/cidadescriativas.org.br\/site\/wp-content\/uploads\/2016\/02\/Mostra-de-Design2011_Foto_Leandro_Couri_1079-300x200.jpg\" class=\"attachment-medium size-medium\" alt=\"\" srcset=\"http:\/\/cidadescriativas.org.br\/site\/wp-content\/uploads\/2016\/02\/Mostra-de-Design2011_Foto_Leandro_Couri_1079-300x200.jpg 300w, http:\/\/cidadescriativas.org.br\/site\/wp-content\/uploads\/2016\/02\/Mostra-de-Design2011_Foto_Leandro_Couri_1079-1024x681.jpg 1024w, http:\/\/cidadescriativas.org.br\/site\/wp-content\/uploads\/2016\/02\/Mostra-de-Design2011_Foto_Leandro_Couri_1079-642x427.jpg 642w, http:\/\/cidadescriativas.org.br\/site\/wp-content\/uploads\/2016\/02\/Mostra-de-Design2011_Foto_Leandro_Couri_1079-978x651.jpg 978w, http:\/\/cidadescriativas.org.br\/site\/wp-content\/uploads\/2016\/02\/Mostra-de-Design2011_Foto_Leandro_Couri_1079-e1458834790363.jpg 600w\" sizes=\"(max-width: 300px) 100vw, 300px\" \/>\n\t\t\t<\/div><\/figure><figure class='gallery-item'>\n\t\t\t<div class='gallery-icon landscape'>\n\t\t\t\t<img loading=\"lazy\" decoding=\"async\" width=\"300\" height=\"200\" src=\"http:\/\/cidadescriativas.org.br\/site\/wp-content\/uploads\/2016\/02\/Mostra-de-Design2011_Foto_Leandro_Couri_0943-300x200.jpg\" class=\"attachment-medium size-medium\" alt=\"\" srcset=\"http:\/\/cidadescriativas.org.br\/site\/wp-content\/uploads\/2016\/02\/Mostra-de-Design2011_Foto_Leandro_Couri_0943-300x200.jpg 300w, http:\/\/cidadescriativas.org.br\/site\/wp-content\/uploads\/2016\/02\/Mostra-de-Design2011_Foto_Leandro_Couri_0943-1024x681.jpg 1024w, http:\/\/cidadescriativas.org.br\/site\/wp-content\/uploads\/2016\/02\/Mostra-de-Design2011_Foto_Leandro_Couri_0943-642x427.jpg 642w, http:\/\/cidadescriativas.org.br\/site\/wp-content\/uploads\/2016\/02\/Mostra-de-Design2011_Foto_Leandro_Couri_0943-978x651.jpg 978w, http:\/\/cidadescriativas.org.br\/site\/wp-content\/uploads\/2016\/02\/Mostra-de-Design2011_Foto_Leandro_Couri_0943-e1458775805933.jpg 600w\" sizes=\"(max-width: 300px) 100vw, 300px\" \/>\n\t\t\t<\/div><\/figure><figure class='gallery-item'>\n\t\t\t<div class='gallery-icon landscape'>\n\t\t\t\t<img loading=\"lazy\" decoding=\"async\" width=\"300\" height=\"200\" src=\"http:\/\/cidadescriativas.org.br\/site\/wp-content\/uploads\/2016\/02\/Mostra-de-Design2011_Foto_Leandro_Couri_0076-300x200.jpg\" class=\"attachment-medium size-medium\" alt=\"\" srcset=\"http:\/\/cidadescriativas.org.br\/site\/wp-content\/uploads\/2016\/02\/Mostra-de-Design2011_Foto_Leandro_Couri_0076-300x200.jpg 300w, http:\/\/cidadescriativas.org.br\/site\/wp-content\/uploads\/2016\/02\/Mostra-de-Design2011_Foto_Leandro_Couri_0076-1024x682.jpg 1024w, http:\/\/cidadescriativas.org.br\/site\/wp-content\/uploads\/2016\/02\/Mostra-de-Design2011_Foto_Leandro_Couri_0076-642x427.jpg 642w, http:\/\/cidadescriativas.org.br\/site\/wp-content\/uploads\/2016\/02\/Mostra-de-Design2011_Foto_Leandro_Couri_0076-978x651.jpg 978w, http:\/\/cidadescriativas.org.br\/site\/wp-content\/uploads\/2016\/02\/Mostra-de-Design2011_Foto_Leandro_Couri_0076-e1458775791207.jpg 600w\" sizes=\"(max-width: 300px) 100vw, 300px\" \/>\n\t\t\t<\/div><\/figure><figure class='gallery-item'>\n\t\t\t<div class='gallery-icon landscape'>\n\t\t\t\t<img loading=\"lazy\" decoding=\"async\" width=\"300\" height=\"200\" src=\"http:\/\/cidadescriativas.org.br\/site\/wp-content\/uploads\/2016\/02\/28092012-IMG_0368-300x200.jpg\" class=\"attachment-medium size-medium\" alt=\"\" srcset=\"http:\/\/cidadescriativas.org.br\/site\/wp-content\/uploads\/2016\/02\/28092012-IMG_0368-300x200.jpg 300w, http:\/\/cidadescriativas.org.br\/site\/wp-content\/uploads\/2016\/02\/28092012-IMG_0368-1024x683.jpg 1024w, http:\/\/cidadescriativas.org.br\/site\/wp-content\/uploads\/2016\/02\/28092012-IMG_0368-642x428.jpg 642w, http:\/\/cidadescriativas.org.br\/site\/wp-content\/uploads\/2016\/02\/28092012-IMG_0368-978x652.jpg 978w, http:\/\/cidadescriativas.org.br\/site\/wp-content\/uploads\/2016\/02\/28092012-IMG_0368-e1458775773527.jpg 600w\" sizes=\"(max-width: 300px) 100vw, 300px\" \/>\n\t\t\t<\/div><\/figure>\n\t\t<\/div>\n\n ","protected":false},"excerpt":{"rendered":"<p>A Mostra de Design foi criada em 2005, no Caf\u00e9 com Letras. Um conjunto de frequentadores preocupados e com desejo de discutir e mostrar a produ\u00e7\u00e3o da \u00e1rea na capital mineira e propuseram a realizar o evento pela primeira. Ao longo dos anos, a Mostra de Design desdobrou-se em diversas atividades, como palestras internacionais, pic&#8230;<\/p>\n","protected":false},"author":1,"featured_media":0,"parent":255,"menu_order":0,"comment_status":"closed","ping_status":"closed","template":"","meta":{"footnotes":""},"_links":{"self":[{"href":"http:\/\/cidadescriativas.org.br\/site\/wp-json\/wp\/v2\/pages\/334"}],"collection":[{"href":"http:\/\/cidadescriativas.org.br\/site\/wp-json\/wp\/v2\/pages"}],"about":[{"href":"http:\/\/cidadescriativas.org.br\/site\/wp-json\/wp\/v2\/types\/page"}],"author":[{"embeddable":true,"href":"http:\/\/cidadescriativas.org.br\/site\/wp-json\/wp\/v2\/users\/1"}],"replies":[{"embeddable":true,"href":"http:\/\/cidadescriativas.org.br\/site\/wp-json\/wp\/v2\/comments?post=334"}],"version-history":[{"count":13,"href":"http:\/\/cidadescriativas.org.br\/site\/wp-json\/wp\/v2\/pages\/334\/revisions"}],"predecessor-version":[{"id":594,"href":"http:\/\/cidadescriativas.org.br\/site\/wp-json\/wp\/v2\/pages\/334\/revisions\/594"}],"up":[{"embeddable":true,"href":"http:\/\/cidadescriativas.org.br\/site\/wp-json\/wp\/v2\/pages\/255"}],"wp:attachment":[{"href":"http:\/\/cidadescriativas.org.br\/site\/wp-json\/wp\/v2\/media?parent=334"}],"curies":[{"name":"wp","href":"https:\/\/api.w.org\/{rel}","templated":true}]}}