{"id":257,"date":"2016-02-15T18:38:51","date_gmt":"2016-02-15T18:38:51","guid":{"rendered":"http:\/\/localhost:8888\/icc\/?page_id=257"},"modified":"2017-01-13T17:05:04","modified_gmt":"2017-01-13T17:05:04","slug":"livros","status":"publish","type":"page","link":"http:\/\/cidadescriativas.org.br\/site\/livros","title":{"rendered":"Livros"},"content":{"rendered":"<p>Clique sobre a capa\u00a0o livro e veja mais informa\u00e7\u00f5es sobre ele.<\/p>\n<p><strong>Perpendicular<\/strong><\/p>\n<p><a href=\"http:\/\/www.cidadescriativas.org.br\/site\/livros\/perpendicular-cenario-ambiente\"><img loading=\"lazy\" decoding=\"async\" class=\"alignnone wp-image-430 size-medium\" src=\"http:\/\/www.cidadescriativas.org.br\/site\/wp-content\/uploads\/2016\/02\/capa-perpendicular-185x300.png\" alt=\"capa-perpendicular\" width=\"185\" height=\"300\" srcset=\"http:\/\/cidadescriativas.org.br\/site\/wp-content\/uploads\/2016\/02\/capa-perpendicular-185x300.png 185w, http:\/\/cidadescriativas.org.br\/site\/wp-content\/uploads\/2016\/02\/capa-perpendicular.png 600w\" sizes=\"(max-width: 185px) 100vw, 185px\" \/><\/a><\/p>\n<p><strong>Paisagens Di\u00e1rias<\/strong><\/p>\n<p><a href=\"http:\/\/www.cidadescriativas.org.br\/site\/livros\/paisagens-diarias\"><img loading=\"lazy\" decoding=\"async\" class=\"alignnone wp-image-427 size-medium\" src=\"http:\/\/www.cidadescriativas.org.br\/site\/wp-content\/uploads\/2016\/02\/capa-paisagens-di\u00e1rias-189x300.png\" alt=\"capa-paisagens-di\u00e1rias\" width=\"189\" height=\"300\" \/><\/a><\/p>\n<p><strong>Lotes Vagos<\/strong><br \/>\n<a href=\"http:\/\/www.cidadescriativas.org.br\/livros\/lotes-vagos-ocupacoes-experimentais\"><img loading=\"lazy\" decoding=\"async\" class=\"alignnone size-medium wp-image-422\" src=\"http:\/\/www.cidadescriativas.org.br\/wp-content\/uploads\/2016\/02\/capa-lotes-vagos-172x300.png\" alt=\"capa-lotes-vagos\" width=\"172\" height=\"300\" srcset=\"http:\/\/cidadescriativas.org.br\/site\/wp-content\/uploads\/2016\/02\/capa-lotes-vagos-172x300.png 172w, http:\/\/cidadescriativas.org.br\/site\/wp-content\/uploads\/2016\/02\/capa-lotes-vagos-589x1024.png 589w, http:\/\/cidadescriativas.org.br\/site\/wp-content\/uploads\/2016\/02\/capa-lotes-vagos.png 600w\" sizes=\"(max-width: 172px) 100vw, 172px\" \/><\/a><\/p>\n<p><strong>Atlas Ambulante<\/strong><br \/>\n<a href=\"http:\/\/www.cidadescriativas.org.br\/site\/livros\/atlas-ambulante\"><img loading=\"lazy\" decoding=\"async\" class=\"alignnone wp-image-413 size-medium\" src=\"http:\/\/www.cidadescriativas.org.br\/wp-content\/uploads\/2016\/02\/atlas-ambulante-livro-171x300.png\" alt=\"atlas-ambulante-livro\" width=\"171\" height=\"300\" srcset=\"http:\/\/cidadescriativas.org.br\/site\/wp-content\/uploads\/2016\/02\/atlas-ambulante-livro-171x300.png 171w, http:\/\/cidadescriativas.org.br\/site\/wp-content\/uploads\/2016\/02\/atlas-ambulante-livro-585x1024.png 585w, http:\/\/cidadescriativas.org.br\/site\/wp-content\/uploads\/2016\/02\/atlas-ambulante-livro.png 600w\" sizes=\"(max-width: 171px) 100vw, 171px\" \/><\/a><\/p>\n<p><strong>Entre<\/strong><br \/>\n<a href=\"http:\/\/www.cidadescriativas.org.br\/site\/livros\/entre\"><img loading=\"lazy\" decoding=\"async\" class=\"alignnone wp-image-409 size-medium\" src=\"http:\/\/www.cidadescriativas.org.br\/site\/wp-content\/uploads\/2016\/02\/livro-entre-1-208x300.png\" alt=\"livro-entre\" width=\"208\" height=\"300\" srcset=\"http:\/\/cidadescriativas.org.br\/site\/wp-content\/uploads\/2016\/02\/livro-entre-1-208x300.png 208w, http:\/\/cidadescriativas.org.br\/site\/wp-content\/uploads\/2016\/02\/livro-entre-1.png 600w\" sizes=\"(max-width: 208px) 100vw, 208px\" \/><\/a><\/p>\n<p><strong>Domesticidades<\/strong><br \/>\n<a href=\"http:\/\/www.cidadescriativas.org.br\/site\/livros\/domesticidades\"><img loading=\"lazy\" decoding=\"async\" class=\"alignnone wp-image-405 size-medium\" src=\"http:\/\/www.cidadescriativas.org.br\/site\/wp-content\/uploads\/2016\/02\/foto-domesticidades-1-188x300.png\" alt=\"foto-domesticidades\" width=\"188\" height=\"300\" srcset=\"http:\/\/cidadescriativas.org.br\/site\/wp-content\/uploads\/2016\/02\/foto-domesticidades-1-188x300.png 188w, http:\/\/cidadescriativas.org.br\/site\/wp-content\/uploads\/2016\/02\/foto-domesticidades-1.png 600w\" sizes=\"(max-width: 188px) 100vw, 188px\" \/><\/a><\/p>\n<p><strong>Colet\u00e2nea Mem\u00f3ria e Dan\u00e7a<\/strong><br \/>\n<a href=\"http:\/\/www.cidadescriativas.org.br\/site\/livros\/coletanea-memoria-da-danca\"><img loading=\"lazy\" decoding=\"async\" class=\"alignnone wp-image-396 size-medium\" src=\"http:\/\/www.cidadescriativas.org.br\/wp-content\/uploads\/2016\/02\/foto-coletanea-232x300.png\" alt=\"foto-coletanea\" width=\"232\" height=\"300\" srcset=\"http:\/\/cidadescriativas.org.br\/site\/wp-content\/uploads\/2016\/02\/foto-coletanea-232x300.png 232w, http:\/\/cidadescriativas.org.br\/site\/wp-content\/uploads\/2016\/02\/foto-coletanea.png 600w\" sizes=\"(max-width: 232px) 100vw, 232px\" \/><\/a><\/p>\n<p><strong>Banquetes<\/strong><br \/>\n<a href=\"http:\/\/www.cidadescriativas.org.br\/site\/livros\/banquetes-expansoes-do-domestico\"><img loading=\"lazy\" decoding=\"async\" class=\"alignnone wp-image-394 size-medium\" src=\"http:\/\/www.cidadescriativas.org.br\/wp-content\/uploads\/2016\/02\/capa-banquetes-199x300.png\" alt=\"capa-banquetes\" width=\"199\" height=\"300\" srcset=\"http:\/\/cidadescriativas.org.br\/site\/wp-content\/uploads\/2016\/02\/capa-banquetes-199x300.png 199w, http:\/\/cidadescriativas.org.br\/site\/wp-content\/uploads\/2016\/02\/capa-banquetes.png 600w\" sizes=\"(max-width: 199px) 100vw, 199px\" \/><\/a><\/p>\n<p><strong>Lotes Vagos<\/strong><br \/>\n<a href=\"http:\/\/www.cidadescriativas.org.br\/site\/livros\/lotes-vagos-ocupacoes-experimentais\"><img loading=\"lazy\" decoding=\"async\" class=\"alignnone wp-image-418 size-medium\" style=\"line-height: 1.5;\" src=\"http:\/\/www.cidadescriativas.org.br\/site\/wp-content\/uploads\/2016\/02\/capa-espa\u00e7os-colaterais-224x300.png\" alt=\"capa-espa\u00e7os-colaterais\" width=\"224\" height=\"300\" \/><\/a><\/p>\n<p><strong>FAD &#8211; Festival de Arte Digital<\/strong><\/p>\n<p><a href=\"http:\/\/www.cidadescriativas.org.br\/site\/livros\/fad-festival-de-arte-digital\"><img loading=\"lazy\" decoding=\"async\" class=\"alignnone size-medium wp-image-610\" src=\"http:\/\/www.cidadescriativas.org.br\/site\/wp-content\/uploads\/2016\/02\/capa-fad-copy-225x300.png\" alt=\"\" width=\"225\" height=\"300\" srcset=\"http:\/\/cidadescriativas.org.br\/site\/wp-content\/uploads\/2016\/02\/capa-fad-copy-225x300.png 225w, http:\/\/cidadescriativas.org.br\/site\/wp-content\/uploads\/2016\/02\/capa-fad-copy-769x1024.png 769w, http:\/\/cidadescriativas.org.br\/site\/wp-content\/uploads\/2016\/02\/capa-fad-copy.png 1160w\" sizes=\"(max-width: 225px) 100vw, 225px\" \/><\/a><\/p>\n<p><strong>Mostra de Design &#8211; Design, Cidades e Interesse P\u00fablico<\/strong><\/p>\n<p><a href=\"http:\/\/www.cidadescriativas.org.br\/site\/livros\/mostra-de-design-design-cidades-e-interesse-publico\"><img loading=\"lazy\" decoding=\"async\" class=\"alignnone size-medium wp-image-601\" src=\"http:\/\/www.cidadescriativas.org.br\/site\/wp-content\/uploads\/2017\/01\/capa-livro-mostra-design-204x300.png\" alt=\"\" width=\"204\" height=\"300\" srcset=\"http:\/\/cidadescriativas.org.br\/site\/wp-content\/uploads\/2017\/01\/capa-livro-mostra-design-204x300.png 204w, http:\/\/cidadescriativas.org.br\/site\/wp-content\/uploads\/2017\/01\/capa-livro-mostra-design.png 363w\" sizes=\"(max-width: 204px) 100vw, 204px\" \/><\/a><\/p>\n ","protected":false},"excerpt":{"rendered":"<p>Clique sobre a capa\u00a0o livro e veja mais informa\u00e7\u00f5es sobre ele. Perpendicular Paisagens Di\u00e1rias Lotes Vagos Atlas Ambulante Entre Domesticidades Colet\u00e2nea Mem\u00f3ria e Dan\u00e7a Banquetes Lotes Vagos FAD &#8211; Festival de Arte Digital Mostra de Design &#8211; Design, Cidades e Interesse P\u00fablico<\/p>\n","protected":false},"author":1,"featured_media":0,"parent":0,"menu_order":0,"comment_status":"closed","ping_status":"closed","template":"","meta":{"footnotes":""},"_links":{"self":[{"href":"http:\/\/cidadescriativas.org.br\/site\/wp-json\/wp\/v2\/pages\/257"}],"collection":[{"href":"http:\/\/cidadescriativas.org.br\/site\/wp-json\/wp\/v2\/pages"}],"about":[{"href":"http:\/\/cidadescriativas.org.br\/site\/wp-json\/wp\/v2\/types\/page"}],"author":[{"embeddable":true,"href":"http:\/\/cidadescriativas.org.br\/site\/wp-json\/wp\/v2\/users\/1"}],"replies":[{"embeddable":true,"href":"http:\/\/cidadescriativas.org.br\/site\/wp-json\/wp\/v2\/comments?post=257"}],"version-history":[{"count":19,"href":"http:\/\/cidadescriativas.org.br\/site\/wp-json\/wp\/v2\/pages\/257\/revisions"}],"predecessor-version":[{"id":611,"href":"http:\/\/cidadescriativas.org.br\/site\/wp-json\/wp\/v2\/pages\/257\/revisions\/611"}],"wp:attachment":[{"href":"http:\/\/cidadescriativas.org.br\/site\/wp-json\/wp\/v2\/media?parent=257"}],"curies":[{"name":"wp","href":"https:\/\/api.w.org\/{rel}","templated":true}]}}