{"id":255,"date":"2016-02-15T18:38:42","date_gmt":"2016-02-15T18:38:42","guid":{"rendered":"http:\/\/localhost:8888\/icc\/?page_id=255"},"modified":"2020-09-18T14:22:27","modified_gmt":"2020-09-18T14:22:27","slug":"producoes","status":"publish","type":"page","link":"http:\/\/cidadescriativas.org.br\/site\/producoes","title":{"rendered":"Projetos"},"content":{"rendered":"<p><strong>Conhe\u00e7a os eventos culturais realizados pelo Instituto Cidades Criativas<\/strong><\/p>\n<hr \/>\n<h3>Savassi Festival<\/h3>\n<p>O <strong>Savassi Festival<\/strong>\u00a0\u00e9 um evento dedicado \u00a0ao jazz e a m\u00fasica instrumental que acontece em Belo Horizonte (Minas Gerais, Brasil) desde 2003. A cada edi\u00e7\u00e3o seu escopo diversifica-se. Atualmente, al\u00e9m de shows de jazz e m\u00fasica instrumental em espa\u00e7os p\u00fablicos, o festival realiza lan\u00e7amentos de CDs, concursos, workshops, resid\u00eancia art\u00edstica, lan\u00e7amentos de obras in\u00e9ditas, fomento a colabora\u00e7\u00f5es, recolhimento de alimentos n\u00e3o perec\u00edveis e parcerias com comerciantes locais.<\/p>\n<p>Nesses anos de festival, com edi\u00e7\u00f5es anuais e ininterruptas, mais de 300 mil pessoas foram atingidas pelas atividades do evento. Al\u00e9m disso, desde de 2013 \u00e9 realizada uma edi\u00e7\u00e3o do Savassi Festival em Nova York. E, eventualmente, s\u00e3o realizadas incurs\u00f5es no Rio de Janeiro e S\u00e3o Paulo.<\/p>\n<p>Site:\u00a0<a href=\"http:\/\/www.savassifestival.com.br\" target=\"_blank\">www.savassifestival.com.br<\/a><\/p>\n<div id='gallery-1' class='gallery galleryid-255 gallery-columns-3 gallery-size-medium'><figure class='gallery-item'>\n\t\t\t<div class='gallery-icon landscape'>\n\t\t\t\t<img loading=\"lazy\" decoding=\"async\" width=\"300\" height=\"199\" src=\"http:\/\/cidadescriativas.org.br\/site\/wp-content\/uploads\/2016\/02\/43r4qv8b9o_3yd41lyoqp_file-1-300x199.jpg\" class=\"attachment-medium size-medium\" alt=\"\" srcset=\"http:\/\/cidadescriativas.org.br\/site\/wp-content\/uploads\/2016\/02\/43r4qv8b9o_3yd41lyoqp_file-1-300x199.jpg 300w, http:\/\/cidadescriativas.org.br\/site\/wp-content\/uploads\/2016\/02\/43r4qv8b9o_3yd41lyoqp_file-1.jpg 460w\" sizes=\"(max-width: 300px) 100vw, 300px\" \/>\n\t\t\t<\/div><\/figure><figure class='gallery-item'>\n\t\t\t<div class='gallery-icon '>\n\t\t\t\t<img loading=\"lazy\" decoding=\"async\" width=\"1\" height=\"1\" src=\"http:\/\/cidadescriativas.org.br\/site\/wp-content\/uploads\/2016\/02\/Captura-de-Tela-2016-02-16-a?s-10.17.49.png\" class=\"attachment-medium size-medium\" alt=\"\" \/>\n\t\t\t<\/div><\/figure><figure class='gallery-item'>\n\t\t\t<div class='gallery-icon landscape'>\n\t\t\t\t<img loading=\"lazy\" decoding=\"async\" width=\"300\" height=\"200\" src=\"http:\/\/cidadescriativas.org.br\/site\/wp-content\/uploads\/2016\/02\/savassi-festival-01-300x200.jpg\" class=\"attachment-medium size-medium\" alt=\"\" srcset=\"http:\/\/cidadescriativas.org.br\/site\/wp-content\/uploads\/2016\/02\/savassi-festival-01-300x200.jpg 300w, http:\/\/cidadescriativas.org.br\/site\/wp-content\/uploads\/2016\/02\/savassi-festival-01-642x427.jpg 642w, http:\/\/cidadescriativas.org.br\/site\/wp-content\/uploads\/2016\/02\/savassi-festival-01.jpg 960w\" sizes=\"(max-width: 300px) 100vw, 300px\" \/>\n\t\t\t<\/div><\/figure><figure class='gallery-item'>\n\t\t\t<div class='gallery-icon landscape'>\n\t\t\t\t<img loading=\"lazy\" decoding=\"async\" width=\"300\" height=\"200\" src=\"http:\/\/cidadescriativas.org.br\/site\/wp-content\/uploads\/2016\/02\/Savassi-festival-04-300x200.jpg\" class=\"attachment-medium size-medium\" alt=\"\" srcset=\"http:\/\/cidadescriativas.org.br\/site\/wp-content\/uploads\/2016\/02\/Savassi-festival-04-300x200.jpg 300w, http:\/\/cidadescriativas.org.br\/site\/wp-content\/uploads\/2016\/02\/Savassi-festival-04-642x427.jpg 642w, http:\/\/cidadescriativas.org.br\/site\/wp-content\/uploads\/2016\/02\/Savassi-festival-04.jpg 960w\" sizes=\"(max-width: 300px) 100vw, 300px\" \/>\n\t\t\t<\/div><\/figure><figure class='gallery-item'>\n\t\t\t<div class='gallery-icon landscape'>\n\t\t\t\t<img loading=\"lazy\" decoding=\"async\" width=\"300\" height=\"200\" src=\"http:\/\/cidadescriativas.org.br\/site\/wp-content\/uploads\/2016\/02\/savassi-5-300x200.jpg\" class=\"attachment-medium size-medium\" alt=\"\" srcset=\"http:\/\/cidadescriativas.org.br\/site\/wp-content\/uploads\/2016\/02\/savassi-5-300x200.jpg 300w, http:\/\/cidadescriativas.org.br\/site\/wp-content\/uploads\/2016\/02\/savassi-5-642x428.jpg 642w, http:\/\/cidadescriativas.org.br\/site\/wp-content\/uploads\/2016\/02\/savassi-5.jpg 960w\" sizes=\"(max-width: 300px) 100vw, 300px\" \/>\n\t\t\t<\/div><\/figure><figure class='gallery-item'>\n\t\t\t<div class='gallery-icon landscape'>\n\t\t\t\t<img loading=\"lazy\" decoding=\"async\" width=\"300\" height=\"200\" src=\"http:\/\/cidadescriativas.org.br\/site\/wp-content\/uploads\/2016\/02\/savassi-festival-300x200.jpg\" class=\"attachment-medium size-medium\" alt=\"\" srcset=\"http:\/\/cidadescriativas.org.br\/site\/wp-content\/uploads\/2016\/02\/savassi-festival-300x200.jpg 300w, http:\/\/cidadescriativas.org.br\/site\/wp-content\/uploads\/2016\/02\/savassi-festival-642x427.jpg 642w, http:\/\/cidadescriativas.org.br\/site\/wp-content\/uploads\/2016\/02\/savassi-festival.jpg 960w\" sizes=\"(max-width: 300px) 100vw, 300px\" \/>\n\t\t\t<\/div><\/figure>\n\t\t<\/div>\n\n<hr \/>\n<h3>Mostra de Design<\/h3>\n<p>A <strong>Mostra de Design<\/strong> foi criada em 2005, no <a href=\"http:\/\/www.cafecomletras.com.br\/\" target=\"_blank\">Caf\u00e9 com Letras<\/a>. Um conjunto de frequentadores preocupados e com desejo de discutir e mostrar a produ\u00e7\u00e3o da \u00e1rea na capital mineira e propuseram a realizar o evento pela primeira. Ao longo dos anos, a Mostra de Design desdobrou-se em diversas atividades, como palestras internacionais, pic nic em meio a vias p\u00fablicas, feira de design, semin\u00e1rio guiados pela cidade, exposi\u00e7\u00f5es, visitas \u00e0 ag\u00eancias e outros.<\/p>\n<p>O projeto foi realizado at\u00e9 sua d\u00e9cima edi\u00e7\u00e3o com a produ\u00e7\u00e3o de um livro-cat\u00e1logo que retrata toda a trajet\u00f3ria do evento por meio de fotos, textos de curadores e do realizador, Bruno Braz Golgher.<\/p>\n<div id='gallery-2' class='gallery galleryid-255 gallery-columns-3 gallery-size-medium'><figure class='gallery-item'>\n\t\t\t<div class='gallery-icon landscape'>\n\t\t\t\t<img loading=\"lazy\" decoding=\"async\" width=\"300\" height=\"200\" src=\"http:\/\/cidadescriativas.org.br\/site\/wp-content\/uploads\/2016\/02\/Mostra-de-Design2012-by-Refinaria_0247-300x200.jpg\" class=\"attachment-medium size-medium\" alt=\"\" srcset=\"http:\/\/cidadescriativas.org.br\/site\/wp-content\/uploads\/2016\/02\/Mostra-de-Design2012-by-Refinaria_0247-300x200.jpg 300w, http:\/\/cidadescriativas.org.br\/site\/wp-content\/uploads\/2016\/02\/Mostra-de-Design2012-by-Refinaria_0247.jpg 600w\" sizes=\"(max-width: 300px) 100vw, 300px\" \/>\n\t\t\t<\/div><\/figure><figure class='gallery-item'>\n\t\t\t<div class='gallery-icon landscape'>\n\t\t\t\t<img loading=\"lazy\" decoding=\"async\" width=\"300\" height=\"200\" src=\"http:\/\/cidadescriativas.org.br\/site\/wp-content\/uploads\/2016\/02\/Mostra-de-Design2012-by-Refinaria_0330-300x200.jpg\" class=\"attachment-medium size-medium\" alt=\"\" srcset=\"http:\/\/cidadescriativas.org.br\/site\/wp-content\/uploads\/2016\/02\/Mostra-de-Design2012-by-Refinaria_0330-300x200.jpg 300w, http:\/\/cidadescriativas.org.br\/site\/wp-content\/uploads\/2016\/02\/Mostra-de-Design2012-by-Refinaria_0330-1024x681.jpg 1024w, http:\/\/cidadescriativas.org.br\/site\/wp-content\/uploads\/2016\/02\/Mostra-de-Design2012-by-Refinaria_0330-642x427.jpg 642w, http:\/\/cidadescriativas.org.br\/site\/wp-content\/uploads\/2016\/02\/Mostra-de-Design2012-by-Refinaria_0330-978x651.jpg 978w, http:\/\/cidadescriativas.org.br\/site\/wp-content\/uploads\/2016\/02\/Mostra-de-Design2012-by-Refinaria_0330-e1458834776875.jpg 600w\" sizes=\"(max-width: 300px) 100vw, 300px\" \/>\n\t\t\t<\/div><\/figure><figure class='gallery-item'>\n\t\t\t<div class='gallery-icon landscape'>\n\t\t\t\t<img loading=\"lazy\" decoding=\"async\" width=\"300\" height=\"200\" src=\"http:\/\/cidadescriativas.org.br\/site\/wp-content\/uploads\/2016\/02\/Mostra-de-Design2011_Foto_Leandro_Couri_1079-300x200.jpg\" class=\"attachment-medium size-medium\" alt=\"\" srcset=\"http:\/\/cidadescriativas.org.br\/site\/wp-content\/uploads\/2016\/02\/Mostra-de-Design2011_Foto_Leandro_Couri_1079-300x200.jpg 300w, http:\/\/cidadescriativas.org.br\/site\/wp-content\/uploads\/2016\/02\/Mostra-de-Design2011_Foto_Leandro_Couri_1079-1024x681.jpg 1024w, http:\/\/cidadescriativas.org.br\/site\/wp-content\/uploads\/2016\/02\/Mostra-de-Design2011_Foto_Leandro_Couri_1079-642x427.jpg 642w, http:\/\/cidadescriativas.org.br\/site\/wp-content\/uploads\/2016\/02\/Mostra-de-Design2011_Foto_Leandro_Couri_1079-978x651.jpg 978w, http:\/\/cidadescriativas.org.br\/site\/wp-content\/uploads\/2016\/02\/Mostra-de-Design2011_Foto_Leandro_Couri_1079-e1458834790363.jpg 600w\" sizes=\"(max-width: 300px) 100vw, 300px\" \/>\n\t\t\t<\/div><\/figure><figure class='gallery-item'>\n\t\t\t<div class='gallery-icon landscape'>\n\t\t\t\t<img loading=\"lazy\" decoding=\"async\" width=\"300\" height=\"200\" src=\"http:\/\/cidadescriativas.org.br\/site\/wp-content\/uploads\/2016\/02\/Mostra-de-Design2011_Foto_Leandro_Couri_0943-300x200.jpg\" class=\"attachment-medium size-medium\" alt=\"\" srcset=\"http:\/\/cidadescriativas.org.br\/site\/wp-content\/uploads\/2016\/02\/Mostra-de-Design2011_Foto_Leandro_Couri_0943-300x200.jpg 300w, http:\/\/cidadescriativas.org.br\/site\/wp-content\/uploads\/2016\/02\/Mostra-de-Design2011_Foto_Leandro_Couri_0943-1024x681.jpg 1024w, http:\/\/cidadescriativas.org.br\/site\/wp-content\/uploads\/2016\/02\/Mostra-de-Design2011_Foto_Leandro_Couri_0943-642x427.jpg 642w, http:\/\/cidadescriativas.org.br\/site\/wp-content\/uploads\/2016\/02\/Mostra-de-Design2011_Foto_Leandro_Couri_0943-978x651.jpg 978w, http:\/\/cidadescriativas.org.br\/site\/wp-content\/uploads\/2016\/02\/Mostra-de-Design2011_Foto_Leandro_Couri_0943-e1458775805933.jpg 600w\" sizes=\"(max-width: 300px) 100vw, 300px\" \/>\n\t\t\t<\/div><\/figure><figure class='gallery-item'>\n\t\t\t<div class='gallery-icon landscape'>\n\t\t\t\t<img loading=\"lazy\" decoding=\"async\" width=\"300\" height=\"200\" src=\"http:\/\/cidadescriativas.org.br\/site\/wp-content\/uploads\/2016\/02\/Mostra-de-Design2011_Foto_Leandro_Couri_0076-300x200.jpg\" class=\"attachment-medium size-medium\" alt=\"\" srcset=\"http:\/\/cidadescriativas.org.br\/site\/wp-content\/uploads\/2016\/02\/Mostra-de-Design2011_Foto_Leandro_Couri_0076-300x200.jpg 300w, http:\/\/cidadescriativas.org.br\/site\/wp-content\/uploads\/2016\/02\/Mostra-de-Design2011_Foto_Leandro_Couri_0076-1024x682.jpg 1024w, http:\/\/cidadescriativas.org.br\/site\/wp-content\/uploads\/2016\/02\/Mostra-de-Design2011_Foto_Leandro_Couri_0076-642x427.jpg 642w, http:\/\/cidadescriativas.org.br\/site\/wp-content\/uploads\/2016\/02\/Mostra-de-Design2011_Foto_Leandro_Couri_0076-978x651.jpg 978w, http:\/\/cidadescriativas.org.br\/site\/wp-content\/uploads\/2016\/02\/Mostra-de-Design2011_Foto_Leandro_Couri_0076-e1458775791207.jpg 600w\" sizes=\"(max-width: 300px) 100vw, 300px\" \/>\n\t\t\t<\/div><\/figure><figure class='gallery-item'>\n\t\t\t<div class='gallery-icon landscape'>\n\t\t\t\t<img loading=\"lazy\" decoding=\"async\" width=\"300\" height=\"200\" src=\"http:\/\/cidadescriativas.org.br\/site\/wp-content\/uploads\/2016\/02\/28092012-IMG_0368-300x200.jpg\" class=\"attachment-medium size-medium\" alt=\"\" srcset=\"http:\/\/cidadescriativas.org.br\/site\/wp-content\/uploads\/2016\/02\/28092012-IMG_0368-300x200.jpg 300w, http:\/\/cidadescriativas.org.br\/site\/wp-content\/uploads\/2016\/02\/28092012-IMG_0368-1024x683.jpg 1024w, http:\/\/cidadescriativas.org.br\/site\/wp-content\/uploads\/2016\/02\/28092012-IMG_0368-642x428.jpg 642w, http:\/\/cidadescriativas.org.br\/site\/wp-content\/uploads\/2016\/02\/28092012-IMG_0368-978x652.jpg 978w, http:\/\/cidadescriativas.org.br\/site\/wp-content\/uploads\/2016\/02\/28092012-IMG_0368-e1458775773527.jpg 600w\" sizes=\"(max-width: 300px) 100vw, 300px\" \/>\n\t\t\t<\/div><\/figure>\n\t\t<\/div>\n\n ","protected":false},"excerpt":{"rendered":"<p>Conhe\u00e7a os eventos culturais realizados pelo Instituto Cidades Criativas Savassi Festival O Savassi Festival\u00a0\u00e9 um evento dedicado \u00a0ao jazz e a m\u00fasica instrumental que acontece em Belo Horizonte (Minas Gerais, Brasil) desde 2003. A cada edi\u00e7\u00e3o seu escopo diversifica-se. Atualmente, al\u00e9m de shows de jazz e m\u00fasica instrumental em espa\u00e7os p\u00fablicos, o festival realiza lan\u00e7amentos&#8230;<\/p>\n","protected":false},"author":1,"featured_media":0,"parent":0,"menu_order":0,"comment_status":"closed","ping_status":"closed","template":"","meta":{"footnotes":""},"_links":{"self":[{"href":"http:\/\/cidadescriativas.org.br\/site\/wp-json\/wp\/v2\/pages\/255"}],"collection":[{"href":"http:\/\/cidadescriativas.org.br\/site\/wp-json\/wp\/v2\/pages"}],"about":[{"href":"http:\/\/cidadescriativas.org.br\/site\/wp-json\/wp\/v2\/types\/page"}],"author":[{"embeddable":true,"href":"http:\/\/cidadescriativas.org.br\/site\/wp-json\/wp\/v2\/users\/1"}],"replies":[{"embeddable":true,"href":"http:\/\/cidadescriativas.org.br\/site\/wp-json\/wp\/v2\/comments?post=255"}],"version-history":[{"count":36,"href":"http:\/\/cidadescriativas.org.br\/site\/wp-json\/wp\/v2\/pages\/255\/revisions"}],"predecessor-version":[{"id":650,"href":"http:\/\/cidadescriativas.org.br\/site\/wp-json\/wp\/v2\/pages\/255\/revisions\/650"}],"wp:attachment":[{"href":"http:\/\/cidadescriativas.org.br\/site\/wp-json\/wp\/v2\/media?parent=255"}],"curies":[{"name":"wp","href":"https:\/\/api.w.org\/{rel}","templated":true}]}}